{"id":1772,"date":"2018-07-02T09:22:29","date_gmt":"2018-07-02T07:22:29","guid":{"rendered":"https:\/\/www.ilsorrisodeinonni.it\/benvenuto\/"},"modified":"2024-10-09T12:06:04","modified_gmt":"2024-10-09T10:06:04","slug":"willkommen","status":"publish","type":"page","link":"https:\/\/www.ilsorrisodeinonni.it\/de\/willkommen\/","title":{"rendered":"Willkommen"},"content":{"rendered":"<p>[vc_row full_width=&#8220;stretch_row_content&#8220;][vc_column][vc_single_image image=&#8220;1658&#8243; img_size=&#8220;full&#8220; alignment=&#8220;center&#8220;][vc_column_text css=&#8220;.vc_custom_1552376967908{margin-top: 50px !important;margin-bottom: 50px !important;}&#8220;]<\/p>\n<h2 style=\"text-align: center;\">Willkommen bei \u201eIl Sorriso dei Nonni\u201c<\/h2>\n<h2 style=\"text-align: center;\">B&amp;B &#8211; Val di Rabbi &#8211; Trentino<\/h2>\n<p>[\/vc_column_text][\/vc_column][\/vc_row][vc_row full_width=&#8220;stretch_row_content&#8220; css=&#8220;.vc_custom_1546958338710{margin-top: 10px !important;}&#8220;][vc_column width=&#8220;1\/4&#8243;][vc_single_image image=&#8220;1498&#8243; img_size=&#8220;600&#215;600&#8243;][\/vc_column][vc_column width=&#8220;1\/4&#8243;][vc_single_image image=&#8220;1522&#8243; img_size=&#8220;600&#215;600&#8243;][\/vc_column][vc_column width=&#8220;1\/2&#8243;][vc_column_text css=&#8220;.vc_custom_1552376994660{margin-top: 50px !important;margin-right: 50px !important;margin-bottom: 50px !important;margin-left: 50px !important;}&#8220;]<\/p>\n<p style=\"text-align: left;\">Das Val di Rabbi ist immer eine Reise wert! Das sch\u00f6ne Alpental befindet sich im Nationalpark Stilfserjoch, in einer malerischen und urspr\u00fcnglichen Umgebung, die zu jeder Jahreszeit einl\u00e4dt zum engen Kontakt mit der Natur. Bei der Casa Parolotti (Kupferschmiede und fahrende Topfh\u00e4ndler) \u2013 in der B&amp;B Il Sorriso dei Nonni entstanden ist \u2013 handelt es sich um ein typisch l\u00e4ndliches Berghaus, das Tradition und modernen Komfort m\u00fchelos miteinander verkn\u00fcpft und die Annehmlichkeiten des Alltagslebens mit den Rhythmen vergangener Zeiten in Einklang bringt.<\/p>\n<p>[\/vc_column_text][\/vc_column][\/vc_row][vc_row full_width=&#8220;stretch_row_content&#8220;][vc_column width=&#8220;1\/2&#8243;][vc_column_text css=&#8220;.vc_custom_1552377016868{margin-top: 50px !important;margin-right: 50px !important;margin-bottom: 50px !important;margin-left: 50px !important;}&#8220;]<\/p>\n<p style=\"text-align: left;\">Das B&amp;B Sorriso dei Nonni umfasst einige G\u00e4stezimmer, eine gemeinschaftliche Stube, eine K\u00fcche und einen Wellness-Bereich (finnische Sauna) im oberen Stock. Es ist umgeben von ausgedehnten Gr\u00fcnfl\u00e4chen, mit Einrichtungen f\u00fcr Spiel und Spa\u00df im Freien mit der ganzen Familie. Die ruhige Umgebung und die famili\u00e4re Atmosph\u00e4re sind ideal zum Entspannen und Energietanken.\u00a0Problemlos erreichbar von der Landesstra\u00dfe auch im Winter, liegt das Haus nur wenige Fahrminuten vom Hauptort des Tals (San Bernardo) und dem Dorf Mal\u00e8, dem Hauptort des Val di Sole entfernt. Im Umkreis von wenigen Kilometern befinden sich herrliche Skigebiete (Madonna di Campiglio, Folgarida-Marilleva).<\/p>\n<p>[\/vc_column_text][\/vc_column][vc_column width=&#8220;1\/4&#8243;][vc_single_image image=&#8220;1652&#8243; img_size=&#8220;600&#215;600&#8243;][\/vc_column][vc_column width=&#8220;1\/4&#8243;][vc_single_image image=&#8220;1646&#8243; img_size=&#8220;600&#215;600&#8243;][\/vc_column][\/vc_row][vc_row full_width=&#8220;stretch_row_content&#8220;][vc_column width=&#8220;1\/4&#8243;][vc_single_image image=&#8220;1650&#8243; img_size=&#8220;600&#215;600&#8243;][\/vc_column][vc_column width=&#8220;1\/4&#8243;][vc_single_image image=&#8220;1648&#8243; img_size=&#8220;600&#215;600&#8243;][\/vc_column][vc_column width=&#8220;1\/2&#8243;][vc_column_text css=&#8220;.vc_custom_1552377039137{margin-top: 50px !important;margin-right: 50px !important;margin-bottom: 50px !important;margin-left: 50px !important;}&#8220;]<\/p>\n<p style=\"text-align: left;\">Als Fr\u00fchst\u00fccksraum dient die gem\u00fctliche alte stua oder Stube, die im typischen Alpenstil ganz mit Holz verkleidet ist. Hier kann man in einem flexiblen Zeitrahmen den Tag auf leckere Weise beginnen, und zwar mit hausgemachtem Kuchen, frischem Brot und Croissants, fruchtigen Marmeladen und echtem Alpenrosen- oder Bl\u00fctenhonig, der hier im Tal erzeugt wird, frisch gemolkener Milch aus dem Stall gleich nebenan, Fruchts\u00e4ften, kr\u00e4ftigem Kaffee, nat\u00fcrlichem Jogurt und M\u00fcsli, Butter und frischem Obst der Saison.<\/p>\n<p>[\/vc_column_text][\/vc_column][\/vc_row][vc_row full_width=&#8220;stretch_row_content&#8220;][vc_column width=&#8220;1\/2&#8243;][vc_column_text css=&#8220;.vc_custom_1552377059641{margin-top: 50px !important;margin-right: 50px !important;margin-bottom: 50px !important;margin-left: 50px !important;}&#8220;]<\/p>\n<p style=\"text-align: left;\">Zudem kann man sich typische Wurst und Schinken aus dem Trentino und Bergk\u00e4se schmecken lassen, oder vielleicht eine s\u00fc\u00df oder herzhaft zubereitete Omelette. Als Abschluss eines sch\u00f6nen Urlaubstags \u2013 egal ob Sie aktiv unterwegs waren oder gem\u00fctlich entspannt haben \u2013 k\u00f6nnen Sie in den Restaurants der Umgebung die authentische K\u00fcche des Trentino genie\u00dfen. Nur wenige Meter vom Haus entfernt (auf der anderen Seite des Bachs Rabbies) befindet sich ein typisches Restaurant und ein paar hundert Meter entfernt ein Agriturismo, der unter anderem f\u00fcr seine ausgezeichneten Kartoffel-Puffer bekannt ist.<\/p>\n<p>[\/vc_column_text][\/vc_column][vc_column width=&#8220;1\/4&#8243;][vc_single_image image=&#8220;1654&#8243; img_size=&#8220;600&#215;600&#8243;][\/vc_column][vc_column width=&#8220;1\/4&#8243;][vc_single_image image=&#8220;1656&#8243; img_size=&#8220;600&#215;600&#8243;][\/vc_column][\/vc_row][vc_row full_width=&#8220;stretch_row_content&#8220;][vc_column width=&#8220;1\/4&#8243;][vc_single_image image=&#8220;1642&#8243; img_size=&#8220;600&#215;600&#8243;][\/vc_column][vc_column width=&#8220;1\/4&#8243;][vc_single_image image=&#8220;1644&#8243; img_size=&#8220;600&#215;600&#8243;][\/vc_column][vc_column width=&#8220;1\/2&#8243;][vc_column_text css=&#8220;.vc_custom_1728468361046{margin-top: 50px !important;margin-right: 50px !important;margin-bottom: 50px !important;margin-left: 50px !important;}&#8220;]<\/p>\n<p style=\"text-align: left;\">Das B&amp;B Il Sorriso dei Nonni bietet zudem die M\u00f6glichkeit, die K\u00fcche der Pension auch selbst zu nutzen: wenn man abends mal nicht essen geht und sich ein kleines Abendessen zuhause zubereiten will, f\u00fcr eine Tasse Tee oder Kaffee, oder um den Kindern eine Mahlzeit zu w\u00e4rmen oder zuzubereiten \u2013 f\u00fcr uns ist dies Ausdruck einer lockeren, flexiblen Gastlichkeit. Ein weiterer Aspekt, auf den wir sehr viel Wert legen, ist das Leben im Freien, was im frenetischen Arbeitsalltag oft zu kurz kommt.<br \/>\n<strong>TAGESMUTTER-Service<\/strong><br \/>\nWenn man seine Kinder einer Tagesmutter anvertraut, wei\u00df man sie in erfahrenen, sicheren H\u00e4nden, und kann auf einen st\u00e4ndigen Direktkontakt und eine flexible Zeitgestaltung z\u00e4hlen, sowie gehobene Qualit\u00e4ts- und Umweltstandards. Die erzieherischen und spielerischen Aktivit\u00e4ten werden individuell auf das jeweilige Alter der Kinder abgestimmt.<\/p>\n<p>CIN Code IT022150C17VB72STQ[\/vc_column_text][\/vc_column][\/vc_row]<\/p>\n","protected":false},"excerpt":{"rendered":"<p>[vc_row full_width=&#8220;stretch_row_content&#8220;][vc_column][vc_single_image image=&#8220;1658&#8243; img_size=&#8220;full&#8220; alignment=&#8220;center&#8220;][vc_column_text css=&#8220;.vc_custom_1552376967908{margin-top: 50px !important;margin-bottom: 50px !important;}&#8220;] Willkommen bei \u201eIl Sorriso dei Nonni\u201c B&amp;B &#8211; Val di Rabbi &#8211; Trentino [\/vc_column_text][\/vc_column][\/vc_row][vc_row full_width=&#8220;stretch_row_content&#8220; css=&#8220;.vc_custom_1546958338710{margin-top: 10px !important;}&#8220;][vc_column width=&#8220;1\/4&#8243;][vc_single_image image=&#8220;1498&#8243; img_size=&#8220;600&#215;600&#8243;][\/vc_column][vc_column width=&#8220;1\/4&#8243;][vc_single_image image=&#8220;1522&#8243; img_size=&#8220;600&#215;600&#8243;][\/vc_column][vc_column width=&#8220;1\/2&#8243;][vc_column_text css=&#8220;.vc_custom_1552376994660{margin-top: 50px !important;margin-right: 50px !important;margin-bottom: 50px !important;margin-left: 50px !important;}&#8220;] Das Val di Rabbi ist immer eine Reise wert! Das sch\u00f6ne<\/p>\n","protected":false},"author":2,"featured_media":0,"parent":0,"menu_order":0,"comment_status":"closed","ping_status":"closed","template":"","meta":{"_seopress_robots_primary_cat":""},"_links":{"self":[{"href":"https:\/\/www.ilsorrisodeinonni.it\/de\/wp-json\/wp\/v2\/pages\/1772"}],"collection":[{"href":"https:\/\/www.ilsorrisodeinonni.it\/de\/wp-json\/wp\/v2\/pages"}],"about":[{"href":"https:\/\/www.ilsorrisodeinonni.it\/de\/wp-json\/wp\/v2\/types\/page"}],"author":[{"embeddable":true,"href":"https:\/\/www.ilsorrisodeinonni.it\/de\/wp-json\/wp\/v2\/users\/2"}],"replies":[{"embeddable":true,"href":"https:\/\/www.ilsorrisodeinonni.it\/de\/wp-json\/wp\/v2\/comments?post=1772"}],"version-history":[{"count":4,"href":"https:\/\/www.ilsorrisodeinonni.it\/de\/wp-json\/wp\/v2\/pages\/1772\/revisions"}],"predecessor-version":[{"id":2632,"href":"https:\/\/www.ilsorrisodeinonni.it\/de\/wp-json\/wp\/v2\/pages\/1772\/revisions\/2632"}],"wp:attachment":[{"href":"https:\/\/www.ilsorrisodeinonni.it\/de\/wp-json\/wp\/v2\/media?parent=1772"}],"curies":[{"name":"wp","href":"https:\/\/api.w.org\/{rel}","templated":true}]}}