{"id":1792,"date":"2018-06-08T07:44:04","date_gmt":"2018-06-08T05:44:04","guid":{"rendered":"https:\/\/www.ilsorrisodeinonni.it\/le-camere\/"},"modified":"2023-12-10T14:09:09","modified_gmt":"2023-12-10T13:09:09","slug":"zimmer","status":"publish","type":"page","link":"https:\/\/www.ilsorrisodeinonni.it\/de\/zimmer\/","title":{"rendered":"Zimmer"},"content":{"rendered":"<p>[vc_row css=&#8220;.vc_custom_1552476667318{margin-top: 40px !important;margin-right: 10px !important;margin-left: 10px !important;}&#8220;][vc_column][vc_column_text css=&#8220;.vc_custom_1552379571715{margin-bottom: 20px !important;}&#8220;]<\/p>\n<h2 class=\"\">Unsere Zimmer<\/h2>\n<p>[\/vc_column_text][vc_column_text]Unsere Zimmer sind hell und freundlich gestaltet, geschmackvoll und mit Liebe f\u00fcrs Detail eingerichtet, um unseren G\u00e4sten besten Komfort zu bieten.<br \/>\nDie Zimmer k\u00f6nnen als Doppel- oder Zweibettzimmer vorbereitet werden, und auf Wunsch auch als Vierbettzimmer zur Verf\u00fcgung gestellt werden. Alle Zimmer verf\u00fcgen \u00fcber ein eigenes Bad mit Dusche und Haartrockner, Fernseher Full HD und Wifi.[\/vc_column_text][\/vc_column][\/vc_row][vc_row gap=&#8220;10&#8243; css=&#8220;.vc_custom_1552476677842{margin-top: 40px !important;margin-right: 10px !important;margin-left: 10px !important;}&#8220;][vc_column width=&#8220;1\/2&#8243;][vc_column_text css=&#8220;.vc_custom_1552379627520{margin-bottom: 40px !important;}&#8220;]<\/p>\n<h2 class=\"\">Orangefarbenes Zimmer<\/h2>\n<p>[\/vc_column_text][vc_column_text]<i class=\"fa fa-shower\" aria-hidden=\"true\"><\/i> Bad mit Dusche<br \/>\n<i class=\"fa fa-television\" aria-hidden=\"true\"><\/i> TV<br \/>\n<i class=\"fa fa-user\" aria-hidden=\"true\"><\/i> Haartrockner<br \/>\n<i class=\"fa fa-wifi\" aria-hidden=\"true\"><\/i> Wifi<\/p>\n<p class=\"prezzo_rosso\">PREISE AB \u20ac 45 pro Person\/Nacht<\/p>\n<p>[\/vc_column_text][vc_btn title=&#8220;Info und Verf\u00fcgbarkeit anfordern&#8220; shape=&#8220;square&#8220; align=&#8220;left&#8220; i_icon_fontawesome=&#8220;fa fa-calendar&#8220; css_animation=&#8220;none&#8220; add_icon=&#8220;true&#8220; css=&#8220;.vc_custom_1554726414945{margin-top: 60px !important;}&#8220; link=&#8220;url:https%3A%2F%2Fwww.ilsorrisodeinonni.it%2Fde%2Finfo%2F|||&#8220;][\/vc_column][vc_column width=&#8220;1\/2&#8243;][vc_images_carousel images=&#8220;1586,1588,1590&#8243; img_size=&#8220;full&#8220; onclick=&#8220;link_no&#8220; speed=&#8220;4000&#8243; autoplay=&#8220;yes&#8220; wrap=&#8220;yes&#8220;][\/vc_column][\/vc_row][vc_row gap=&#8220;10&#8243; css=&#8220;.vc_custom_1552476689817{margin-top: 20px !important;margin-right: 10px !important;margin-left: 10px !important;}&#8220;][vc_column width=&#8220;1\/2&#8243;][vc_column_text css=&#8220;.vc_custom_1552379642287{margin-bottom: 40px !important;}&#8220;]<\/p>\n<h2 class=\"\">Gelbes Zimmer<\/h2>\n<p>[\/vc_column_text][vc_column_text]<i class=\"fa fa-shower\" aria-hidden=\"true\"><\/i> Bad mit Dusche<br \/>\n<i class=\"fa fa-television\" aria-hidden=\"true\"><\/i> TV<br \/>\n<i class=\"fa fa-user\" aria-hidden=\"true\"><\/i> Haartrockner<br \/>\n<i class=\"fa fa-wifi\" aria-hidden=\"true\"><\/i> Wifi<\/p>\n<p class=\"prezzo_rosso\">PREISE AB \u20ac 45 pro Person\/Nacht<\/p>\n<p>[\/vc_column_text][vc_btn title=&#8220;Info und Verf\u00fcgbarkeit anfordern&#8220; shape=&#8220;square&#8220; align=&#8220;left&#8220; i_icon_fontawesome=&#8220;fa fa-calendar&#8220; css_animation=&#8220;none&#8220; add_icon=&#8220;true&#8220; css=&#8220;.vc_custom_1554726425232{margin-top: 60px !important;}&#8220; link=&#8220;url:https%3A%2F%2Fwww.ilsorrisodeinonni.it%2Fde%2Finfo%2F|||&#8220;][\/vc_column][vc_column width=&#8220;1\/2&#8243;][vc_images_carousel images=&#8220;1592,1594,1596&#8243; img_size=&#8220;full&#8220; onclick=&#8220;link_no&#8220; speed=&#8220;4000&#8243; autoplay=&#8220;yes&#8220; wrap=&#8220;yes&#8220;][\/vc_column][\/vc_row][vc_row gap=&#8220;10&#8243; css=&#8220;.vc_custom_1552476699744{margin-top: 20px !important;margin-right: 10px !important;margin-left: 10px !important;}&#8220;][vc_column width=&#8220;1\/2&#8243;][vc_column_text css=&#8220;.vc_custom_1552379659542{margin-bottom: 40px !important;}&#8220;]<\/p>\n<h2 class=\"\">Gr\u00fcnes Zimmer<\/h2>\n<p>[\/vc_column_text][vc_column_text]<i class=\"fa fa-shower\" aria-hidden=\"true\"><\/i> Bad mit Dusche<br \/>\n<i class=\"fa fa-television\" aria-hidden=\"true\"><\/i> TV<br \/>\n<i class=\"fa fa-user\" aria-hidden=\"true\"><\/i> Haartrockner<br \/>\n<i class=\"fa fa-wifi\" aria-hidden=\"true\"><\/i> Wifi<\/p>\n<p class=\"prezzo_rosso\">PREISE AB \u20ac 45 pro Person\/Nacht<\/p>\n<p>[\/vc_column_text][vc_btn title=&#8220;Info und Verf\u00fcgbarkeit anfordern&#8220; shape=&#8220;square&#8220; align=&#8220;left&#8220; i_icon_fontawesome=&#8220;fa fa-calendar&#8220; css_animation=&#8220;none&#8220; add_icon=&#8220;true&#8220; css=&#8220;.vc_custom_1554726434770{margin-top: 60px !important;}&#8220; link=&#8220;url:https%3A%2F%2Fwww.ilsorrisodeinonni.it%2Fde%2Finfo%2F|||&#8220;][\/vc_column][vc_column width=&#8220;1\/2&#8243;][vc_images_carousel images=&#8220;1632,1634,1636&#8243; img_size=&#8220;full&#8220; onclick=&#8220;link_no&#8220; speed=&#8220;4000&#8243; autoplay=&#8220;yes&#8220; wrap=&#8220;yes&#8220;][\/vc_column][\/vc_row][vc_row gap=&#8220;10&#8243; css=&#8220;.vc_custom_1552476709648{margin-top: 20px !important;margin-right: 10px !important;margin-left: 10px !important;}&#8220;][vc_column width=&#8220;1\/2&#8243;][vc_column_text css=&#8220;.vc_custom_1552379678142{margin-bottom: 40px !important;}&#8220;]<\/p>\n<h2 class=\"\">Perlmutt-Zimmer<\/h2>\n<p>[\/vc_column_text][vc_column_text]<i class=\"fa fa-shower\" aria-hidden=\"true\"><\/i> Bad mit Dusche<br \/>\n<i class=\"fa fa-television\" aria-hidden=\"true\"><\/i> TV<br \/>\n<i class=\"fa fa-user\" aria-hidden=\"true\"><\/i> Haartrockner<br \/>\n<i class=\"fa fa-wifi\" aria-hidden=\"true\"><\/i> Wifi<\/p>\n<p class=\"prezzo_rosso\">PREISE AB \u20ac 45 pro Person\/Nacht<\/p>\n<p>[\/vc_column_text][vc_btn title=&#8220;Info und Verf\u00fcgbarkeit anfordern&#8220; shape=&#8220;square&#8220; align=&#8220;left&#8220; i_icon_fontawesome=&#8220;fa fa-calendar&#8220; css_animation=&#8220;none&#8220; add_icon=&#8220;true&#8220; css=&#8220;.vc_custom_1554726444655{margin-top: 60px !important;}&#8220; link=&#8220;url:https%3A%2F%2Fwww.ilsorrisodeinonni.it%2Fde%2Finfo%2F|||&#8220;][\/vc_column][vc_column width=&#8220;1\/2&#8243;][vc_images_carousel images=&#8220;1602,1604,1606&#8243; img_size=&#8220;full&#8220; onclick=&#8220;link_no&#8220; speed=&#8220;4000&#8243; autoplay=&#8220;yes&#8220; wrap=&#8220;yes&#8220;][\/vc_column][\/vc_row][vc_row gap=&#8220;10&#8243; css=&#8220;.vc_custom_1552476720819{margin-top: 40px !important;margin-right: 10px !important;margin-left: 10px !important;}&#8220;][vc_column width=&#8220;1\/2&#8243;][vc_column_text css=&#8220;.vc_custom_1552379698549{margin-bottom: 40px !important;}&#8220;]<\/p>\n<h2 class=\"\">Fewo Mim\u00ec<\/h2>\n<p>[\/vc_column_text][vc_column_text]<i class=\"fa fa-cutlery\" aria-hidden=\"true\"><\/i> K\u00fcche<br \/>\n<i class=\"fa fa-shower\" aria-hidden=\"true\"><\/i> Bad mit Dusche<br \/>\n<i class=\"fa fa-television\" aria-hidden=\"true\"><\/i> TV Full HD<br \/>\n<i class=\"fa fa-wifi\" aria-hidden=\"true\"><\/i> Wifi[\/vc_column_text][vc_column_text css=&#8220;.vc_custom_1552406997357{margin-top: 20px !important;margin-right: 20px !important;}&#8220;]F\u00fcr G\u00e4ste, die sich mehr Platz oder Unabh\u00e4ngigkeit w\u00fcnschen, steht zudem eine komplett ausgestattete Ferienwohnung zur Verf\u00fcgung.[\/vc_column_text][vc_btn title=&#8220;Mehr Informationen&#8220; shape=&#8220;square&#8220; align=&#8220;left&#8220; i_icon_fontawesome=&#8220;fa fa-info&#8220; css_animation=&#8220;none&#8220; add_icon=&#8220;true&#8220; css=&#8220;.vc_custom_1554726469479{margin-top: 60px !important;}&#8220; link=&#8220;url:https%3A%2F%2Fwww.ilsorrisodeinonni.it%2Fde%2Ffewo-mimi%2F|||&#8220;][\/vc_column][vc_column width=&#8220;1\/2&#8243;][vc_single_image image=&#8220;1638&#8243; img_size=&#8220;full&#8220;][\/vc_column][\/vc_row]<\/p>\n","protected":false},"excerpt":{"rendered":"<p>[vc_row css=&#8220;.vc_custom_1552476667318{margin-top: 40px !important;margin-right: 10px !important;margin-left: 10px !important;}&#8220;][vc_column][vc_column_text css=&#8220;.vc_custom_1552379571715{margin-bottom: 20px !important;}&#8220;] Unsere Zimmer [\/vc_column_text][vc_column_text]Unsere Zimmer sind hell und freundlich gestaltet, geschmackvoll und mit Liebe f\u00fcrs Detail eingerichtet, um unseren G\u00e4sten besten Komfort zu bieten. Die Zimmer k\u00f6nnen als Doppel- oder Zweibettzimmer vorbereitet werden, und auf Wunsch auch als Vierbettzimmer zur Verf\u00fcgung gestellt werden. Alle Zimmer<\/p>\n","protected":false},"author":2,"featured_media":0,"parent":0,"menu_order":0,"comment_status":"closed","ping_status":"closed","template":"","meta":{"_seopress_robots_primary_cat":""},"_links":{"self":[{"href":"https:\/\/www.ilsorrisodeinonni.it\/de\/wp-json\/wp\/v2\/pages\/1792"}],"collection":[{"href":"https:\/\/www.ilsorrisodeinonni.it\/de\/wp-json\/wp\/v2\/pages"}],"about":[{"href":"https:\/\/www.ilsorrisodeinonni.it\/de\/wp-json\/wp\/v2\/types\/page"}],"author":[{"embeddable":true,"href":"https:\/\/www.ilsorrisodeinonni.it\/de\/wp-json\/wp\/v2\/users\/2"}],"replies":[{"embeddable":true,"href":"https:\/\/www.ilsorrisodeinonni.it\/de\/wp-json\/wp\/v2\/comments?post=1792"}],"version-history":[{"count":15,"href":"https:\/\/www.ilsorrisodeinonni.it\/de\/wp-json\/wp\/v2\/pages\/1792\/revisions"}],"predecessor-version":[{"id":2506,"href":"https:\/\/www.ilsorrisodeinonni.it\/de\/wp-json\/wp\/v2\/pages\/1792\/revisions\/2506"}],"wp:attachment":[{"href":"https:\/\/www.ilsorrisodeinonni.it\/de\/wp-json\/wp\/v2\/media?parent=1792"}],"curies":[{"name":"wp","href":"https:\/\/api.w.org\/{rel}","templated":true}]}}