{"id":1803,"date":"2019-01-08T09:01:29","date_gmt":"2019-01-08T08:01:29","guid":{"rendered":"https:\/\/www.ilsorrisodeinonni.it\/appartamento\/"},"modified":"2024-10-09T11:56:27","modified_gmt":"2024-10-09T09:56:27","slug":"fewo-mimi","status":"publish","type":"page","link":"https:\/\/www.ilsorrisodeinonni.it\/de\/fewo-mimi\/","title":{"rendered":"Fewo Mim\u00ec"},"content":{"rendered":"<p>[vc_row][vc_column][vc_single_image image=&#8220;1608&#8243; img_size=&#8220;full&#8220; alignment=&#8220;center&#8220;][\/vc_column][\/vc_row][vc_row css=&#8220;.vc_custom_1552476774050{margin-top: 40px !important;margin-right: 10px !important;margin-left: 10px !important;}&#8220;][vc_column][vc_column_text css=&#8220;.vc_custom_1552381045635{margin-bottom: 20px !important;}&#8220;]<\/p>\n<h2 class=\"\" style=\"text-align: center;\">Fewo Mim\u00ec<\/h2>\n<p>[\/vc_column_text][vc_row_inner gap=&#8220;20&#8243;][vc_column_inner width=&#8220;1\/2&#8243;][vc_column_text css=&#8220;.vc_custom_1552381062898{margin-right: 10px !important;margin-left: 10px !important;}&#8220;]<\/p>\n<p style=\"text-align: left;\">Wer sich gro\u00dfz\u00fcgigere R\u00e4umlichkeiten und komplette Unabh\u00e4ngigkeit w\u00fcnscht, vor allem bei l\u00e4ngeren Aufenthalten, findet mit der Ferienwohnung Mim\u00ec eine ideale L\u00f6sung.<br \/>\nDie gem\u00fctliche Wohnung mit Fu\u00dfb\u00f6den und anderen Elementen aus Naturholz ist zu jeder Jahreszeit einladend.<br \/>\nDas ger\u00e4umige Schlafzimmer mit Doppelbett und zwei Etagenbetten bietet bis zu 6 Personen Platz. Au\u00dferdem steht im Wohnraum noch eine Bettcouch mit zwei weiteren Schlafpl\u00e4tzen zur Verf\u00fcgung.<\/p>\n<p>[\/vc_column_text][\/vc_column_inner][vc_column_inner width=&#8220;1\/2&#8243;][vc_column_text css=&#8220;.vc_custom_1728467773397{margin-right: 10px !important;margin-left: 10px !important;}&#8220;]<\/p>\n<p style=\"text-align: left;\">Der Wohnbereich umfasst eine komplett ausgestattete K\u00fcche mit Herd, Backofen, Sp\u00fclmaschine, K\u00fchlschrank und Tiefk\u00fchler. Koch- und Essgeschirr und Bestecke sind vorhanden, ebenso ein elektrischer Wasserkocher.<br \/>\nDie Wohnung wird vervollst\u00e4ndigt durch ein gro\u00dfes Bad mit Dusche und einen Balkon mit Aussicht, ideal um sich im Freien zu entspannen.<br \/>\nDie im 2. Stock gelegene Wohnung hat einen separaten Zugang und ist damit unabh\u00e4ngig vom Bereich der G\u00e4stezimmer. CIN Code IT022150C2WMT8XKD9.<\/p>\n<p>[\/vc_column_text][\/vc_column_inner][\/vc_row_inner][vc_row_inner gap=&#8220;20&#8243; css=&#8220;.vc_custom_1547030431018{margin-top: 20px !important;}&#8220;][vc_column_inner width=&#8220;1\/6&#8243;][\/vc_column_inner][vc_column_inner width=&#8220;1\/6&#8243;][vc_column_text]<\/p>\n<p style=\"text-align: center;\"><i class=\"fa fa-cutlery\" aria-hidden=\"true\"><\/i> K\u00fcche<\/p>\n<p>[\/vc_column_text][\/vc_column_inner][vc_column_inner width=&#8220;1\/6&#8243;][vc_column_text]<\/p>\n<p style=\"text-align: center;\"><i class=\"fa fa-shower\" aria-hidden=\"true\"><\/i> Bad mit Dusche<\/p>\n<p>[\/vc_column_text][\/vc_column_inner][vc_column_inner width=&#8220;1\/6&#8243;][vc_column_text]<\/p>\n<p style=\"text-align: center;\"><i class=\"fa fa-television\" aria-hidden=\"true\"><\/i> TV Full HD<\/p>\n<p>[\/vc_column_text][\/vc_column_inner][vc_column_inner width=&#8220;1\/6&#8243;][vc_column_text]<\/p>\n<p style=\"text-align: center;\"><i class=\"fa fa-wifi\" aria-hidden=\"true\"><\/i> Wifi<\/p>\n<p>[\/vc_column_text][\/vc_column_inner][vc_column_inner width=&#8220;1\/6&#8243;][\/vc_column_inner][\/vc_row_inner][vc_column_text css=&#8220;.vc_custom_1552407143924{margin-top: 40px !important;margin-bottom: 20px !important;}&#8220;]<\/p>\n<p class=\"prezzo_rosso\" style=\"text-align: center;\"><strong>PREISE AB \u20ac 30 pro Person\/Nacht<\/strong><\/p>\n<p>[\/vc_column_text][vc_btn title=&#8220;Info und Verf\u00fcgbarkeit anfordern&#8220; shape=&#8220;square&#8220; size=&#8220;lg&#8220; align=&#8220;center&#8220; i_icon_fontawesome=&#8220;fa fa-calendar&#8220; css_animation=&#8220;none&#8220; add_icon=&#8220;true&#8220; css=&#8220;.vc_custom_1554726539509{margin-top: 20px !important;}&#8220; link=&#8220;url:https%3A%2F%2Fwww.ilsorrisodeinonni.it%2Fde%2Finfo%2F|||&#8220;][\/vc_column][\/vc_row][vc_row][vc_column][vc_media_grid element_width=&#8220;3&#8243; gap=&#8220;0&#8243; grid_id=&#8220;vc_gid:1728467753051-4b1a692f-9cce-6&#8243; include=&#8220;1610,1638,1614,1616,1598,1600,1626,1548&#8243;][\/vc_column][\/vc_row]<\/p>\n","protected":false},"excerpt":{"rendered":"<p>[vc_row][vc_column][vc_single_image image=&#8220;1608&#8243; img_size=&#8220;full&#8220; alignment=&#8220;center&#8220;][\/vc_column][\/vc_row][vc_row css=&#8220;.vc_custom_1552476774050{margin-top: 40px !important;margin-right: 10px !important;margin-left: 10px !important;}&#8220;][vc_column][vc_column_text css=&#8220;.vc_custom_1552381045635{margin-bottom: 20px !important;}&#8220;] Fewo Mim\u00ec [\/vc_column_text][vc_row_inner gap=&#8220;20&#8243;][vc_column_inner width=&#8220;1\/2&#8243;][vc_column_text css=&#8220;.vc_custom_1552381062898{margin-right: 10px !important;margin-left: 10px !important;}&#8220;] Wer sich gro\u00dfz\u00fcgigere R\u00e4umlichkeiten und komplette Unabh\u00e4ngigkeit w\u00fcnscht, vor allem bei l\u00e4ngeren Aufenthalten, findet mit der Ferienwohnung Mim\u00ec eine ideale L\u00f6sung. Die gem\u00fctliche Wohnung mit Fu\u00dfb\u00f6den und anderen Elementen aus Naturholz<\/p>\n","protected":false},"author":2,"featured_media":0,"parent":0,"menu_order":0,"comment_status":"closed","ping_status":"closed","template":"","meta":{"_seopress_robots_primary_cat":""},"_links":{"self":[{"href":"https:\/\/www.ilsorrisodeinonni.it\/de\/wp-json\/wp\/v2\/pages\/1803"}],"collection":[{"href":"https:\/\/www.ilsorrisodeinonni.it\/de\/wp-json\/wp\/v2\/pages"}],"about":[{"href":"https:\/\/www.ilsorrisodeinonni.it\/de\/wp-json\/wp\/v2\/types\/page"}],"author":[{"embeddable":true,"href":"https:\/\/www.ilsorrisodeinonni.it\/de\/wp-json\/wp\/v2\/users\/2"}],"replies":[{"embeddable":true,"href":"https:\/\/www.ilsorrisodeinonni.it\/de\/wp-json\/wp\/v2\/comments?post=1803"}],"version-history":[{"count":9,"href":"https:\/\/www.ilsorrisodeinonni.it\/de\/wp-json\/wp\/v2\/pages\/1803\/revisions"}],"predecessor-version":[{"id":2629,"href":"https:\/\/www.ilsorrisodeinonni.it\/de\/wp-json\/wp\/v2\/pages\/1803\/revisions\/2629"}],"wp:attachment":[{"href":"https:\/\/www.ilsorrisodeinonni.it\/de\/wp-json\/wp\/v2\/media?parent=1803"}],"curies":[{"name":"wp","href":"https:\/\/api.w.org\/{rel}","templated":true}]}}