{"id":1811,"date":"2019-02-01T10:45:53","date_gmt":"2019-02-01T09:45:53","guid":{"rendered":"https:\/\/www.ilsorrisodeinonni.it\/il-territorio\/"},"modified":"2019-04-09T09:42:03","modified_gmt":"2019-04-09T07:42:03","slug":"die-umgebund","status":"publish","type":"page","link":"https:\/\/www.ilsorrisodeinonni.it\/de\/die-umgebund\/","title":{"rendered":"Die Umgebund"},"content":{"rendered":"<p>[vc_row full_width=&#8220;stretch_row_content&#8220;][vc_column][vc_column_text css=&#8220;.vc_custom_1552382437770{margin-top: 50px !important;margin-bottom: 50px !important;}&#8220;]<\/p>\n<h2 style=\"text-align: center;\">Die Umgebund<\/h2>\n<p>[\/vc_column_text][\/vc_column][\/vc_row][vc_row full_width=&#8220;stretch_row_content&#8220; gap=&#8220;20&#8243;][vc_column width=&#8220;1\/6&#8243;][\/vc_column][vc_column width=&#8220;2\/6&#8243;][vc_column_text css=&#8220;.vc_custom_1552382512256{margin-top: 20px !important;}&#8220;]<strong class=\"sottolineato\">Der Nationalpark Stilfserjoch<\/strong><br \/>\nDer 1935 gegr\u00fcndete Nationalpark ist der gr\u00f6\u00dfte Italiens und derzeit noch der gro\u00dffl\u00e4chigste des Alpenraums. Hirsche, Rehe, Gemsen und Steinb\u00f6cke sind die Aush\u00e4ngeschilder des Parks, aber auch Hermeline, F\u00fcchse, Eichh\u00f6rnchen, Murmeltiere und Hasen geh\u00f6ren zur typischen Fauna. Zudem stellt der Park einen idealen Lebensraum f\u00fcr viele Vogelarten dar, wie den majest\u00e4tischen K\u00f6nigsadler, Spechte, Uhus und Schneeh\u00fchner. Dank eines speziellen Projekts wurde der stolze Bartgeier wiedereingef\u00fchrt und zieht jetzt seine Kreise am Himmel des Parks.[\/vc_column_text][\/vc_column][vc_column width=&#8220;2\/6&#8243;][vc_column_text css=&#8220;.vc_custom_1552382485633{margin-top: 20px !important;}&#8220;]<strong class=\"sottolineato\">Die Thermen von Rabbi<\/strong><\/p>\n<p>Die \u00f6sterreichische Kaiserin Maria Theresia bezeichnete das Mineralwasser von Rabbi als \u201eElixir der Natur\u201c:\u00a0reich an Mineralsalzen, s\u00e4uerlich, eisen- und natronhaltig, und mit einem gehobenen Anteil an nat\u00fcrlicher Kohlens\u00e4ure.<br \/>\nAn den Thermalquellen sprudelt das an nat\u00fcrlichen Elementen wie Eisen, Kalzium, Magnesium und Natron reiche Wasser aus dem Boden. Seit alters her ist es beliebt aufgrund seines leicht spritzigen Geschmacks und f\u00f6rdert bei regelm\u00e4\u00dfiger Anwendung Wohlbefinden und Gesundheit. Als Heilwasser wirkt es bei Arthrose und Rheumatismen, Kreislaufbeschwerden und Zellulitis, und ist gut auch f\u00fcr die Atemwege und den Verdauungstrakt.[\/vc_column_text][\/vc_column][vc_column width=&#8220;1\/6&#8243;][\/vc_column][\/vc_row][vc_row full_width=&#8220;stretch_row_content&#8220; gap=&#8220;20&#8243;][vc_column width=&#8220;1\/6&#8243;][\/vc_column][vc_column width=&#8220;2\/6&#8243;][vc_column_text css=&#8220;.vc_custom_1552382560046{margin-top: 20px !important;}&#8220;]<strong class=\"sottolineato\">Wasserf\u00e4lle von Valorz \u2013 Kneipp-Parcours<\/strong><\/p>\n<p>Diese Wasserf\u00e4lle sind auf einem Spaziergang durch Wald erreichbar, und am Weg entlang kann man einige Skulpturen bewundern, die von heimischen K\u00fcnstlern aus Holz und verflochtenen Zweige geschaffen wurden und die Tiere des Parks darstellen. Am Fu\u00df der Wasserf\u00e4lle gibt es eine kleine H\u00fctte und im Sommer kann man auf dem R\u00fcckweg den erfrischenden Kneipp-Parcours nutzen.<br \/>\nIm Winter, wenn der Wasserfall vereist ist, verwandelt sich der Ort in ein nat\u00fcrliches Amphitheater mit tollen M\u00f6glichkeiten zum Eisklettern.[\/vc_column_text][\/vc_column][vc_column width=&#8220;2\/6&#8243;][vc_column_text css=&#8220;.vc_custom_1552382535606{margin-top: 20px !important;}&#8220;]<strong class=\"sottolineato\">Wasserf\u00e4lle von Saent<\/strong><\/p>\n<p>Die Wasserf\u00e4lle von Saent sind sicher ein Highlight des Val di Rabbi. Von der Malga Stablasolo aus sind sie zu Fu\u00df problemlos in ca. 30 Minuten zu erreichen. Ein malerischer Winkel des Nationalparks Stilfserjoch, und ein beeindruckendes Schauspiel der Natur, die hier ihre Kraft unter Beweis stellt, in Form des sch\u00e4umenden Wassers des Wildbaches Rabbies, der einen atemberaubenden Sprung in die Tiefe vollf\u00fchrt.[\/vc_column_text][\/vc_column][vc_column width=&#8220;1\/6&#8243;][\/vc_column][\/vc_row][vc_row full_width=&#8220;stretch_row_content&#8220; gap=&#8220;20&#8243; css=&#8220;.vc_custom_1549288283917{margin-top: 10px !important;}&#8220;][vc_column width=&#8220;1\/6&#8243;][\/vc_column][vc_column width=&#8220;2\/6&#8243;][vc_column_text css=&#8220;.vc_custom_1552382607867{margin-top: 20px !important;}&#8220;]<strong class=\"sottolineato\">H\u00e4ngebr\u00fccke<\/strong><\/p>\n<p>Eine tibetanische H\u00e4ngebr\u00fccke, die die Schlucht oberhalb der Wasserf\u00e4lle des Rio Ragaiolo \u00fcberspannt, bietet eine ganz neue und spektakul\u00e4re Aussicht auf das Tal und den unterhalb flie\u00dfenden Wildbach. Das Begehen der ca. 100 m langen H\u00e4ngebr\u00fccke ist eine kleine Herausforderung, ein Nervenkitzel f\u00fcr Abenteurer. Sie ist das ganze Jahr \u00fcber ge\u00f6ffnet (im Winter eventuell mit Schneeschuhen zu begehen) und stellt eine tolle Erfahrung f\u00fcr alle dar, vorausgesetzt man ist der schwindelerregenden H\u00f6he gewachsen.[\/vc_column_text][\/vc_column][vc_column width=&#8220;2\/6&#8243;][vc_column_text css=&#8220;.vc_custom_1552382583324{margin-top: 20px !important;}&#8220;]<strong class=\"sottolineato\">Molino Ruatti<\/strong><\/p>\n<p>Die vor kurzem restaurierte alte M\u00fchle l\u00e4sst sich schon von au\u00dfen an den beiden gro\u00dfen, vom Wasser angetriebenen M\u00fchlsteinen erkennen, und im Inneren k\u00f6nnen die Besucher die R\u00e4umlichkeiten der Anlage besichtigen: M\u00fchlraum, Hof, Stall, Keller, Wohnung mit Einrichtungen, Stube, Schlafzimmer, K\u00fcche und Abstellraum. Es handelt sich um ein mittlerweile seltenes Beispiel f\u00fcr eine noch funktionierende Wasserm\u00fchle im norditalienischen Raum. Nach der Renovierung hat das Anwesen den Charakter und die Funktion eines Museums erhalten, das man auf einem entsprechend angelegten und beschilderten Besucherrundgang besichtigen kann.[\/vc_column_text][\/vc_column][vc_column width=&#8220;1\/6&#8243;][\/vc_column][\/vc_row][vc_row full_width=&#8220;stretch_row_content&#8220; gap=&#8220;20&#8243;][vc_column width=&#8220;1\/6&#8243;][\/vc_column][vc_column width=&#8220;2\/6&#8243;][vc_column_text css=&#8220;.vc_custom_1552382649970{margin-top: 20px !important;}&#8220;]<strong class=\"sottolineato\">Rifugio Dorigoni<\/strong><\/p>\n<p>Die Bergh\u00fctte Rifugio Dorigoni liegt im Val Saent, einem der sch\u00f6nsten und unber\u00fchrtesten T\u00e4ler innerhalb des Nationalparks Stilfserjoch und der gesamten Ortlergruppe. Sie befindet sich in herrlich freier, sonniger Lage auf 2436 m H\u00f6he, oberhalb eines Felsabsatzes.<br \/>\nDie Wasserf\u00e4lle von Saent, der Pr\u00e0 di Saent mit seiner Almh\u00fctte und den putzigen Murmeltieren, die hier oft zu sehen sind, der Wanderweg der Monumental-L\u00e4rchen (Sentiero dei Larici Monumentali), der Naturpfad der Laghi Sternai und die Hochgebirgswelt mit ausgedehnten Gletschern wie dem Ghiacciaio del Careser und den erhabenen Aussichtsgipfeln wie der Cima Rossa und der Cima Sternai sind nur einige Beispiele f\u00fcr die landschaftlichen Besonderheiten eines der sch\u00f6nsten T\u00e4ler des gesamten Alpenraums.[\/vc_column_text][\/vc_column][vc_column width=&#8220;2\/6&#8243;][vc_column_text css=&#8220;.vc_custom_1552382632258{margin-top: 20px !important;}&#8220;]<strong class=\"sottolineato\">Lehr-Bauernhof \u2013 Agritur Ruatti<\/strong><\/p>\n<p>Ausgezeichnet mit der \u201eBandiera Verde\u201c, der \u201egr\u00fcnen Flagge\u201c f\u00fcr das Engagement f\u00fcr die Aufwertung des Geboets und die Erhaltung ihrer Traditionen, ihrer nat\u00fcrlichen Umwelt und der kulinarischen Spezialit\u00e4ten des Val di Rabbi, ist der Hof Agritur Ruatti zudem als Lehr-Bauernhof t\u00e4tig und bietet Workshops zu Themen wie Tiere, dem Mehl, der Aussaat und der Verarbeitung von Milch und Fleisch.[\/vc_column_text][\/vc_column][vc_column width=&#8220;1\/6&#8243;][\/vc_column][\/vc_row]<\/p>\n","protected":false},"excerpt":{"rendered":"<p>[vc_row full_width=&#8220;stretch_row_content&#8220;][vc_column][vc_column_text css=&#8220;.vc_custom_1552382437770{margin-top: 50px !important;margin-bottom: 50px !important;}&#8220;] Die Umgebund [\/vc_column_text][\/vc_column][\/vc_row][vc_row full_width=&#8220;stretch_row_content&#8220; gap=&#8220;20&#8243;][vc_column width=&#8220;1\/6&#8243;][\/vc_column][vc_column width=&#8220;2\/6&#8243;][vc_column_text css=&#8220;.vc_custom_1552382512256{margin-top: 20px !important;}&#8220;]Der Nationalpark Stilfserjoch Der 1935 gegr\u00fcndete Nationalpark ist der gr\u00f6\u00dfte Italiens und derzeit noch der gro\u00dffl\u00e4chigste des Alpenraums. Hirsche, Rehe, Gemsen und Steinb\u00f6cke sind die Aush\u00e4ngeschilder des Parks, aber auch Hermeline, F\u00fcchse, Eichh\u00f6rnchen, Murmeltiere und Hasen geh\u00f6ren zur typischen<\/p>\n","protected":false},"author":2,"featured_media":0,"parent":0,"menu_order":0,"comment_status":"closed","ping_status":"closed","template":"","meta":{"_seopress_robots_primary_cat":""},"_links":{"self":[{"href":"https:\/\/www.ilsorrisodeinonni.it\/de\/wp-json\/wp\/v2\/pages\/1811"}],"collection":[{"href":"https:\/\/www.ilsorrisodeinonni.it\/de\/wp-json\/wp\/v2\/pages"}],"about":[{"href":"https:\/\/www.ilsorrisodeinonni.it\/de\/wp-json\/wp\/v2\/types\/page"}],"author":[{"embeddable":true,"href":"https:\/\/www.ilsorrisodeinonni.it\/de\/wp-json\/wp\/v2\/users\/2"}],"replies":[{"embeddable":true,"href":"https:\/\/www.ilsorrisodeinonni.it\/de\/wp-json\/wp\/v2\/comments?post=1811"}],"version-history":[{"count":3,"href":"https:\/\/www.ilsorrisodeinonni.it\/de\/wp-json\/wp\/v2\/pages\/1811\/revisions"}],"predecessor-version":[{"id":1879,"href":"https:\/\/www.ilsorrisodeinonni.it\/de\/wp-json\/wp\/v2\/pages\/1811\/revisions\/1879"}],"wp:attachment":[{"href":"https:\/\/www.ilsorrisodeinonni.it\/de\/wp-json\/wp\/v2\/media?parent=1811"}],"curies":[{"name":"wp","href":"https:\/\/api.w.org\/{rel}","templated":true}]}}