{"id":1815,"date":"2018-06-08T08:16:58","date_gmt":"2018-06-08T06:16:58","guid":{"rendered":"https:\/\/www.ilsorrisodeinonni.it\/attivita-estate\/"},"modified":"2019-04-09T09:45:01","modified_gmt":"2019-04-09T07:45:01","slug":"unternehmungen-im-sommer","status":"publish","type":"page","link":"https:\/\/www.ilsorrisodeinonni.it\/de\/unternehmungen-im-sommer\/","title":{"rendered":"Unternehmungen im Sommer"},"content":{"rendered":"<p>[vc_row][vc_column][vc_single_image image=&#8220;1756&#8243; img_size=&#8220;full&#8220; alignment=&#8220;center&#8220;][\/vc_column][\/vc_row][vc_row gap=&#8220;20&#8243; css=&#8220;.vc_custom_1546962824638{margin-top: 50px !important;}&#8220;][vc_column width=&#8220;1\/2&#8243;][vc_column_text]<strong>WANDERUNGEN<\/strong><br \/>\nAuf Spazierg\u00e4ngen und Wanderungen verschiedener L\u00e4nge und Schwierigkeitsgraden kann man die landschaftliche Sch\u00f6nheit dieser Region und die frische Bergluft genie\u00dfen und sich auf gesunde Weise bewegen. Von Wegen im Tal bis hinauf zu den h\u00f6chsten Gipfeln gibt es unz\u00e4hlige Varianten, ebenso wie Einkehrm\u00f6glichkeiten auf Almen und H\u00fctten. Wer ein bisschen Abenteuer sucht, kann auch auf einer Bergh\u00fctte \u00fcbernachten \u2013 ein unvergessliches Erlebnis f\u00fcr gro\u00dfe und kleine Gipfelst\u00fcrmer.<br \/>\n<strong>BERGSTEIGEN<\/strong><br \/>\nAuch f\u00fcr Gletscherwanderungen und Gipfelbesteigungen mit Steigeisen und Pickel gibt es zahlreiche M\u00f6glichkeiten in den Berggruppen rund um das Val di Sole: die Ortlergruppe und der Adamello-Presanella versprechen tiefe Eindr\u00fccke, die man so schnell nicht vergisst!<br \/>\n<strong>KLETTERSTEIGE<\/strong><br \/>\nEtwas mehr Nervenkitzel als die Bergwanderungen \u2013 und atemberaubende Ausblicke \u2013 bieten die Klettersteige an den Steilfelsen der Brenta-Dolomiten.<br \/>\n<strong>CLIMBING<\/strong><br \/>\nIm Val di Sole gibt es zudem eine breite Auswahl an Kletterw\u00e4nden und Kletterg\u00e4rten: bei San Giacomo, Mal\u00e8, Folgarida und im Val di Peio. Bei Wegen mit unterschiedlichen Schwierigkeitsgraden kommen mehr oder weniger Ge\u00fcbte auf ihre Kosten!<br \/>\n<strong>CANYONING<\/strong><br \/>\nEin Sport, der Spa\u00df macht und bei dem man in die wilde Natur eintauchen kann, indem man sich an den Felsen abseilt oder hinunterrutscht, an B\u00e4chen, Fl\u00fcssen und Felsenschluchten entlang.<br \/>\n<strong>RAFTING<\/strong><br \/>\nAuf 28 km ist der Wildbach Noce befahrbar: die Abfahrt mit dem Schlauchboot ist ein spritziges, abwechslungsreiches Vergn\u00fcgen, sowohl auf den Stromschnellen als auch auf den ruhigeren Abschnitten.[\/vc_column_text][\/vc_column][vc_column width=&#8220;1\/2&#8243;][vc_column_text]<strong>THERMALQUELLEN<\/strong><br \/>\nDie Thermalquellen des Val di Rabbi werden schon seit alters genutzt und sind bekannt f\u00fcr ihre Heilwirkung bei Rheuma-, Kreislauf- und Verdauungsbeschwerden. Es ist angezeigt auch bei Blutarmut, Lymphatismus und Atemwegserkrankungen. Hier kann man im Urlaub auch das k\u00f6rperlich-geistige Wohlbefinden verbessern.<br \/>\n<strong>SCHWIMMBAD<\/strong><br \/>\nDas \u00f6ffentliche Schwimmbad von Mal\u00e8 ist ein erst k\u00fcrzlich renoviertes Hallenbad mit:<\/p>\n<ul>\n<li>Schwimmbecken mit 6 Bahnen (25&#215;15 m, Tiefe 120-180 cm, Temperatur 28\u00b0C),<\/li>\n<li>Relax-Becken mit Wasserstrahlen f\u00fcr die Massage der Lenden- und Nackenwirbels\u00e4ule,<\/li>\n<li>sowie einem Kinderbecken (Tiefe 30 cm, Temperatur 30\u00b0C), in dem die Kleinsten in Sicherheit im Wasser planschen und spielen k\u00f6nnen. Dazu geh\u00f6rt ein gro\u00dfer Garten, wo man im Sommer einen Sonnenbereich nutzen kann. Ausgestattete Umkleidekabinen und Parkplatz vorhanden.<\/li>\n<\/ul>\n<p>Der Biolago di Monclassico dagegen verspricht ein Erlebnis der besonderen Art: es handelt sich um einen nat\u00fcrlichen und \u00f6kologischen Badeteich, wo Wasserpflanzen (anstelle von Chlor) f\u00fcr die Reinigung des Wassers sorgen. Hier gibt es zudem einen Spielplatz und Einkerm\u00f6glichkeiten.<br \/>\n<strong>RADFAHREN<\/strong><br \/>\nDas Val di Sole bietet Radwege auf 35 km L\u00e4nge, auf denen man mit der ganzen Familie durch die Natur radeln und die Landschaft genie\u00dfen kann, sowie zahlreiche Mountainbike-Routen. In diesem Gebiet kann man einige Etappen der faszinierenden Dolomiti Brenta Bike Tour befahren, um die Brenta-Dolomiten mit dem Rad zu erleben.<\/p>\n<p><strong>Wer sich f\u00fcr technisch aufwendigere Unternehmungen interessiert, sei es um etwas Neues auszuprobieren oder um Vorkenntnisse und F\u00e4higkeiten zu verbessern, oder einfach nur etwas mehr als sonst zu wagen, kann auf die enge Zusammenarbeit unserer Pension mit den Bergf\u00fchrern der Alpin- und Skitourenschule \u201eVal di Sole\u201c z\u00e4hlen.<\/strong>[\/vc_column_text][\/vc_column][\/vc_row][vc_row css=&#8220;.vc_custom_1546962430988{margin-top: 20px !important;}&#8220;][vc_column][vc_column_text]<\/p>\n\n\t\t<style type=\"text\/css\">\n\t\t\t#gallery-1 {\n\t\t\t\tmargin: auto;\n\t\t\t}\n\t\t\t#gallery-1 .gallery-item {\n\t\t\t\tfloat: left;\n\t\t\t\tmargin-top: 10px;\n\t\t\t\ttext-align: center;\n\t\t\t\twidth: 33%;\n\t\t\t}\n\t\t\t#gallery-1 img {\n\t\t\t\tborder: 2px solid #cfcfcf;\n\t\t\t}\n\t\t\t#gallery-1 .gallery-caption {\n\t\t\t\tmargin-left: 0;\n\t\t\t}\n\t\t\t\/* see gallery_shortcode() in wp-includes\/media.php *\/\n\t\t<\/style>\n\t\t<div id='gallery-1' class='gallery galleryid-1815 gallery-columns-3 gallery-size-thumbnail'><dl class='gallery-item'>\n\t\t\t<dt class='gallery-icon landscape'>\n\t\t\t\t<a href='https:\/\/www.ilsorrisodeinonni.it\/wp-content\/uploads\/2019\/01\/40892180_900X900.jpg'><img width=\"150\" height=\"150\" src=\"https:\/\/www.ilsorrisodeinonni.it\/wp-content\/uploads\/2019\/01\/40892180_900X900-150x150.jpg\" class=\"attachment-thumbnail size-thumbnail\" alt=\"\" decoding=\"async\" loading=\"lazy\" srcset=\"https:\/\/www.ilsorrisodeinonni.it\/wp-content\/uploads\/2019\/01\/40892180_900X900-150x150.jpg 150w, https:\/\/www.ilsorrisodeinonni.it\/wp-content\/uploads\/2019\/01\/40892180_900X900-225x225.jpg 225w, https:\/\/www.ilsorrisodeinonni.it\/wp-content\/uploads\/2019\/01\/40892180_900X900-100x100.jpg 100w, https:\/\/www.ilsorrisodeinonni.it\/wp-content\/uploads\/2019\/01\/40892180_900X900-300x300.jpg 300w, https:\/\/www.ilsorrisodeinonni.it\/wp-content\/uploads\/2019\/01\/40892180_900X900-768x768.jpg 768w, https:\/\/www.ilsorrisodeinonni.it\/wp-content\/uploads\/2019\/01\/40892180_900X900-268x268.jpg 268w, https:\/\/www.ilsorrisodeinonni.it\/wp-content\/uploads\/2019\/01\/40892180_900X900-75x75.jpg 75w, https:\/\/www.ilsorrisodeinonni.it\/wp-content\/uploads\/2019\/01\/40892180_900X900-80x80.jpg 80w, https:\/\/www.ilsorrisodeinonni.it\/wp-content\/uploads\/2019\/01\/40892180_900X900.jpg 900w\" sizes=\"(max-width: 150px) 100vw, 150px\" \/><\/a>\n\t\t\t<\/dt><\/dl><dl class='gallery-item'>\n\t\t\t<dt class='gallery-icon landscape'>\n\t\t\t\t<a href='https:\/\/www.ilsorrisodeinonni.it\/wp-content\/uploads\/2019\/01\/31354100_900X900.jpg'><img width=\"150\" height=\"150\" src=\"https:\/\/www.ilsorrisodeinonni.it\/wp-content\/uploads\/2019\/01\/31354100_900X900-150x150.jpg\" class=\"attachment-thumbnail size-thumbnail\" alt=\"\" decoding=\"async\" loading=\"lazy\" srcset=\"https:\/\/www.ilsorrisodeinonni.it\/wp-content\/uploads\/2019\/01\/31354100_900X900-150x150.jpg 150w, https:\/\/www.ilsorrisodeinonni.it\/wp-content\/uploads\/2019\/01\/31354100_900X900-225x225.jpg 225w, https:\/\/www.ilsorrisodeinonni.it\/wp-content\/uploads\/2019\/01\/31354100_900X900-100x100.jpg 100w, https:\/\/www.ilsorrisodeinonni.it\/wp-content\/uploads\/2019\/01\/31354100_900X900-300x300.jpg 300w, https:\/\/www.ilsorrisodeinonni.it\/wp-content\/uploads\/2019\/01\/31354100_900X900-768x768.jpg 768w, https:\/\/www.ilsorrisodeinonni.it\/wp-content\/uploads\/2019\/01\/31354100_900X900-268x268.jpg 268w, https:\/\/www.ilsorrisodeinonni.it\/wp-content\/uploads\/2019\/01\/31354100_900X900-75x75.jpg 75w, https:\/\/www.ilsorrisodeinonni.it\/wp-content\/uploads\/2019\/01\/31354100_900X900-80x80.jpg 80w, https:\/\/www.ilsorrisodeinonni.it\/wp-content\/uploads\/2019\/01\/31354100_900X900.jpg 900w\" sizes=\"(max-width: 150px) 100vw, 150px\" \/><\/a>\n\t\t\t<\/dt><\/dl><dl class='gallery-item'>\n\t\t\t<dt class='gallery-icon landscape'>\n\t\t\t\t<a href='https:\/\/www.ilsorrisodeinonni.it\/wp-content\/uploads\/2019\/01\/DORIGONI-4617_900X900.jpg'><img width=\"150\" height=\"150\" src=\"https:\/\/www.ilsorrisodeinonni.it\/wp-content\/uploads\/2019\/01\/DORIGONI-4617_900X900-150x150.jpg\" class=\"attachment-thumbnail size-thumbnail\" alt=\"\" decoding=\"async\" loading=\"lazy\" srcset=\"https:\/\/www.ilsorrisodeinonni.it\/wp-content\/uploads\/2019\/01\/DORIGONI-4617_900X900-150x150.jpg 150w, https:\/\/www.ilsorrisodeinonni.it\/wp-content\/uploads\/2019\/01\/DORIGONI-4617_900X900-225x225.jpg 225w, https:\/\/www.ilsorrisodeinonni.it\/wp-content\/uploads\/2019\/01\/DORIGONI-4617_900X900-100x100.jpg 100w, https:\/\/www.ilsorrisodeinonni.it\/wp-content\/uploads\/2019\/01\/DORIGONI-4617_900X900-300x300.jpg 300w, https:\/\/www.ilsorrisodeinonni.it\/wp-content\/uploads\/2019\/01\/DORIGONI-4617_900X900-768x768.jpg 768w, https:\/\/www.ilsorrisodeinonni.it\/wp-content\/uploads\/2019\/01\/DORIGONI-4617_900X900-268x268.jpg 268w, https:\/\/www.ilsorrisodeinonni.it\/wp-content\/uploads\/2019\/01\/DORIGONI-4617_900X900-75x75.jpg 75w, https:\/\/www.ilsorrisodeinonni.it\/wp-content\/uploads\/2019\/01\/DORIGONI-4617_900X900-80x80.jpg 80w, https:\/\/www.ilsorrisodeinonni.it\/wp-content\/uploads\/2019\/01\/DORIGONI-4617_900X900.jpg 900w\" sizes=\"(max-width: 150px) 100vw, 150px\" \/><\/a>\n\t\t\t<\/dt><\/dl><br style=\"clear: both\" \/><dl class='gallery-item'>\n\t\t\t<dt class='gallery-icon landscape'>\n\t\t\t\t<a href='https:\/\/www.ilsorrisodeinonni.it\/wp-content\/uploads\/2019\/01\/17382590_900x600.jpg'><img width=\"150\" height=\"150\" src=\"https:\/\/www.ilsorrisodeinonni.it\/wp-content\/uploads\/2019\/01\/17382590_900x600-150x150.jpg\" class=\"attachment-thumbnail size-thumbnail\" alt=\"\" decoding=\"async\" loading=\"lazy\" srcset=\"https:\/\/www.ilsorrisodeinonni.it\/wp-content\/uploads\/2019\/01\/17382590_900x600-150x150.jpg 150w, https:\/\/www.ilsorrisodeinonni.it\/wp-content\/uploads\/2019\/01\/17382590_900x600-100x100.jpg 100w, https:\/\/www.ilsorrisodeinonni.it\/wp-content\/uploads\/2019\/01\/17382590_900x600-268x268.jpg 268w, https:\/\/www.ilsorrisodeinonni.it\/wp-content\/uploads\/2019\/01\/17382590_900x600-75x75.jpg 75w, https:\/\/www.ilsorrisodeinonni.it\/wp-content\/uploads\/2019\/01\/17382590_900x600-80x80.jpg 80w\" sizes=\"(max-width: 150px) 100vw, 150px\" \/><\/a>\n\t\t\t<\/dt><\/dl><dl class='gallery-item'>\n\t\t\t<dt class='gallery-icon portrait'>\n\t\t\t\t<a href='https:\/\/www.ilsorrisodeinonni.it\/wp-content\/uploads\/2019\/01\/13635071_600x900.jpg'><img width=\"150\" height=\"150\" src=\"https:\/\/www.ilsorrisodeinonni.it\/wp-content\/uploads\/2019\/01\/13635071_600x900-150x150.jpg\" class=\"attachment-thumbnail size-thumbnail\" alt=\"\" decoding=\"async\" loading=\"lazy\" srcset=\"https:\/\/www.ilsorrisodeinonni.it\/wp-content\/uploads\/2019\/01\/13635071_600x900-150x150.jpg 150w, https:\/\/www.ilsorrisodeinonni.it\/wp-content\/uploads\/2019\/01\/13635071_600x900-100x100.jpg 100w, https:\/\/www.ilsorrisodeinonni.it\/wp-content\/uploads\/2019\/01\/13635071_600x900-268x268.jpg 268w, https:\/\/www.ilsorrisodeinonni.it\/wp-content\/uploads\/2019\/01\/13635071_600x900-75x75.jpg 75w, https:\/\/www.ilsorrisodeinonni.it\/wp-content\/uploads\/2019\/01\/13635071_600x900-80x80.jpg 80w, https:\/\/www.ilsorrisodeinonni.it\/wp-content\/uploads\/2019\/01\/13635071_600x900-600x600.jpg 600w\" sizes=\"(max-width: 150px) 100vw, 150px\" \/><\/a>\n\t\t\t<\/dt><\/dl><dl class='gallery-item'>\n\t\t\t<dt class='gallery-icon landscape'>\n\t\t\t\t<a href='https:\/\/www.ilsorrisodeinonni.it\/wp-content\/uploads\/2019\/01\/42776604_900x600.jpg'><img width=\"150\" height=\"150\" src=\"https:\/\/www.ilsorrisodeinonni.it\/wp-content\/uploads\/2019\/01\/42776604_900x600-150x150.jpg\" class=\"attachment-thumbnail size-thumbnail\" alt=\"\" decoding=\"async\" loading=\"lazy\" srcset=\"https:\/\/www.ilsorrisodeinonni.it\/wp-content\/uploads\/2019\/01\/42776604_900x600-150x150.jpg 150w, https:\/\/www.ilsorrisodeinonni.it\/wp-content\/uploads\/2019\/01\/42776604_900x600-100x100.jpg 100w, https:\/\/www.ilsorrisodeinonni.it\/wp-content\/uploads\/2019\/01\/42776604_900x600-268x268.jpg 268w, https:\/\/www.ilsorrisodeinonni.it\/wp-content\/uploads\/2019\/01\/42776604_900x600-75x75.jpg 75w, https:\/\/www.ilsorrisodeinonni.it\/wp-content\/uploads\/2019\/01\/42776604_900x600-80x80.jpg 80w\" sizes=\"(max-width: 150px) 100vw, 150px\" \/><\/a>\n\t\t\t<\/dt><\/dl><br style=\"clear: both\" \/><dl class='gallery-item'>\n\t\t\t<dt class='gallery-icon landscape'>\n\t\t\t\t<a href='https:\/\/www.ilsorrisodeinonni.it\/wp-content\/uploads\/2019\/01\/DORIGONI-4366_900X600.jpg'><img width=\"150\" height=\"150\" src=\"https:\/\/www.ilsorrisodeinonni.it\/wp-content\/uploads\/2019\/01\/DORIGONI-4366_900X600-150x150.jpg\" class=\"attachment-thumbnail size-thumbnail\" alt=\"\" decoding=\"async\" loading=\"lazy\" srcset=\"https:\/\/www.ilsorrisodeinonni.it\/wp-content\/uploads\/2019\/01\/DORIGONI-4366_900X600-150x150.jpg 150w, https:\/\/www.ilsorrisodeinonni.it\/wp-content\/uploads\/2019\/01\/DORIGONI-4366_900X600-100x100.jpg 100w, https:\/\/www.ilsorrisodeinonni.it\/wp-content\/uploads\/2019\/01\/DORIGONI-4366_900X600-268x268.jpg 268w, https:\/\/www.ilsorrisodeinonni.it\/wp-content\/uploads\/2019\/01\/DORIGONI-4366_900X600-75x75.jpg 75w, https:\/\/www.ilsorrisodeinonni.it\/wp-content\/uploads\/2019\/01\/DORIGONI-4366_900X600-80x80.jpg 80w\" sizes=\"(max-width: 150px) 100vw, 150px\" \/><\/a>\n\t\t\t<\/dt><\/dl><dl class='gallery-item'>\n\t\t\t<dt class='gallery-icon landscape'>\n\t\t\t\t<a href='https:\/\/www.ilsorrisodeinonni.it\/wp-content\/uploads\/2019\/01\/19141271_900x600.jpg'><img width=\"150\" height=\"150\" src=\"https:\/\/www.ilsorrisodeinonni.it\/wp-content\/uploads\/2019\/01\/19141271_900x600-150x150.jpg\" class=\"attachment-thumbnail size-thumbnail\" alt=\"\" decoding=\"async\" loading=\"lazy\" srcset=\"https:\/\/www.ilsorrisodeinonni.it\/wp-content\/uploads\/2019\/01\/19141271_900x600-150x150.jpg 150w, https:\/\/www.ilsorrisodeinonni.it\/wp-content\/uploads\/2019\/01\/19141271_900x600-100x100.jpg 100w, https:\/\/www.ilsorrisodeinonni.it\/wp-content\/uploads\/2019\/01\/19141271_900x600-268x268.jpg 268w, https:\/\/www.ilsorrisodeinonni.it\/wp-content\/uploads\/2019\/01\/19141271_900x600-75x75.jpg 75w, https:\/\/www.ilsorrisodeinonni.it\/wp-content\/uploads\/2019\/01\/19141271_900x600-80x80.jpg 80w\" sizes=\"(max-width: 150px) 100vw, 150px\" \/><\/a>\n\t\t\t<\/dt><\/dl><dl class='gallery-item'>\n\t\t\t<dt class='gallery-icon portrait'>\n\t\t\t\t<a href='https:\/\/www.ilsorrisodeinonni.it\/wp-content\/uploads\/2019\/01\/10631168_600x900.jpg'><img width=\"150\" height=\"150\" src=\"https:\/\/www.ilsorrisodeinonni.it\/wp-content\/uploads\/2019\/01\/10631168_600x900-150x150.jpg\" class=\"attachment-thumbnail size-thumbnail\" alt=\"\" decoding=\"async\" loading=\"lazy\" srcset=\"https:\/\/www.ilsorrisodeinonni.it\/wp-content\/uploads\/2019\/01\/10631168_600x900-150x150.jpg 150w, https:\/\/www.ilsorrisodeinonni.it\/wp-content\/uploads\/2019\/01\/10631168_600x900-100x100.jpg 100w, https:\/\/www.ilsorrisodeinonni.it\/wp-content\/uploads\/2019\/01\/10631168_600x900-268x268.jpg 268w, https:\/\/www.ilsorrisodeinonni.it\/wp-content\/uploads\/2019\/01\/10631168_600x900-75x75.jpg 75w, https:\/\/www.ilsorrisodeinonni.it\/wp-content\/uploads\/2019\/01\/10631168_600x900-80x80.jpg 80w, https:\/\/www.ilsorrisodeinonni.it\/wp-content\/uploads\/2019\/01\/10631168_600x900-600x600.jpg 600w\" sizes=\"(max-width: 150px) 100vw, 150px\" \/><\/a>\n\t\t\t<\/dt><\/dl><br style=\"clear: both\" \/><dl class='gallery-item'>\n\t\t\t<dt class='gallery-icon portrait'>\n\t\t\t\t<a href='https:\/\/www.ilsorrisodeinonni.it\/wp-content\/uploads\/2019\/01\/DORIGONI-4350_600X900.jpg'><img width=\"150\" height=\"150\" src=\"https:\/\/www.ilsorrisodeinonni.it\/wp-content\/uploads\/2019\/01\/DORIGONI-4350_600X900-150x150.jpg\" class=\"attachment-thumbnail size-thumbnail\" alt=\"\" decoding=\"async\" loading=\"lazy\" srcset=\"https:\/\/www.ilsorrisodeinonni.it\/wp-content\/uploads\/2019\/01\/DORIGONI-4350_600X900-150x150.jpg 150w, https:\/\/www.ilsorrisodeinonni.it\/wp-content\/uploads\/2019\/01\/DORIGONI-4350_600X900-100x100.jpg 100w, https:\/\/www.ilsorrisodeinonni.it\/wp-content\/uploads\/2019\/01\/DORIGONI-4350_600X900-268x268.jpg 268w, https:\/\/www.ilsorrisodeinonni.it\/wp-content\/uploads\/2019\/01\/DORIGONI-4350_600X900-75x75.jpg 75w, https:\/\/www.ilsorrisodeinonni.it\/wp-content\/uploads\/2019\/01\/DORIGONI-4350_600X900-80x80.jpg 80w, https:\/\/www.ilsorrisodeinonni.it\/wp-content\/uploads\/2019\/01\/DORIGONI-4350_600X900-600x600.jpg 600w\" sizes=\"(max-width: 150px) 100vw, 150px\" \/><\/a>\n\t\t\t<\/dt><\/dl><dl class='gallery-item'>\n\t\t\t<dt class='gallery-icon landscape'>\n\t\t\t\t<a href='https:\/\/www.ilsorrisodeinonni.it\/wp-content\/uploads\/2019\/01\/DORIGONI-4422_900X900.jpg'><img width=\"150\" height=\"150\" src=\"https:\/\/www.ilsorrisodeinonni.it\/wp-content\/uploads\/2019\/01\/DORIGONI-4422_900X900-150x150.jpg\" class=\"attachment-thumbnail size-thumbnail\" alt=\"\" decoding=\"async\" loading=\"lazy\" srcset=\"https:\/\/www.ilsorrisodeinonni.it\/wp-content\/uploads\/2019\/01\/DORIGONI-4422_900X900-150x150.jpg 150w, https:\/\/www.ilsorrisodeinonni.it\/wp-content\/uploads\/2019\/01\/DORIGONI-4422_900X900-225x225.jpg 225w, https:\/\/www.ilsorrisodeinonni.it\/wp-content\/uploads\/2019\/01\/DORIGONI-4422_900X900-100x100.jpg 100w, https:\/\/www.ilsorrisodeinonni.it\/wp-content\/uploads\/2019\/01\/DORIGONI-4422_900X900-300x300.jpg 300w, https:\/\/www.ilsorrisodeinonni.it\/wp-content\/uploads\/2019\/01\/DORIGONI-4422_900X900-768x768.jpg 768w, https:\/\/www.ilsorrisodeinonni.it\/wp-content\/uploads\/2019\/01\/DORIGONI-4422_900X900-268x268.jpg 268w, https:\/\/www.ilsorrisodeinonni.it\/wp-content\/uploads\/2019\/01\/DORIGONI-4422_900X900-75x75.jpg 75w, https:\/\/www.ilsorrisodeinonni.it\/wp-content\/uploads\/2019\/01\/DORIGONI-4422_900X900-80x80.jpg 80w, https:\/\/www.ilsorrisodeinonni.it\/wp-content\/uploads\/2019\/01\/DORIGONI-4422_900X900.jpg 900w\" sizes=\"(max-width: 150px) 100vw, 150px\" \/><\/a>\n\t\t\t<\/dt><\/dl><dl class='gallery-item'>\n\t\t\t<dt class='gallery-icon landscape'>\n\t\t\t\t<a href='https:\/\/www.ilsorrisodeinonni.it\/wp-content\/uploads\/2019\/01\/24025122_900x600.jpg'><img width=\"150\" height=\"150\" src=\"https:\/\/www.ilsorrisodeinonni.it\/wp-content\/uploads\/2019\/01\/24025122_900x600-150x150.jpg\" class=\"attachment-thumbnail size-thumbnail\" alt=\"\" decoding=\"async\" loading=\"lazy\" srcset=\"https:\/\/www.ilsorrisodeinonni.it\/wp-content\/uploads\/2019\/01\/24025122_900x600-150x150.jpg 150w, https:\/\/www.ilsorrisodeinonni.it\/wp-content\/uploads\/2019\/01\/24025122_900x600-100x100.jpg 100w, https:\/\/www.ilsorrisodeinonni.it\/wp-content\/uploads\/2019\/01\/24025122_900x600-268x268.jpg 268w, https:\/\/www.ilsorrisodeinonni.it\/wp-content\/uploads\/2019\/01\/24025122_900x600-75x75.jpg 75w, https:\/\/www.ilsorrisodeinonni.it\/wp-content\/uploads\/2019\/01\/24025122_900x600-80x80.jpg 80w\" sizes=\"(max-width: 150px) 100vw, 150px\" \/><\/a>\n\t\t\t<\/dt><\/dl><br style=\"clear: both\" \/>\n\t\t<\/div>\n\n<p>[\/vc_column_text][\/vc_column][\/vc_row]<\/p>\n","protected":false},"excerpt":{"rendered":"<p>[vc_row][vc_column][vc_single_image image=&#8220;1756&#8243; img_size=&#8220;full&#8220; alignment=&#8220;center&#8220;][\/vc_column][\/vc_row][vc_row gap=&#8220;20&#8243; css=&#8220;.vc_custom_1546962824638{margin-top: 50px !important;}&#8220;][vc_column width=&#8220;1\/2&#8243;][vc_column_text]WANDERUNGEN Auf Spazierg\u00e4ngen und Wanderungen verschiedener L\u00e4nge und Schwierigkeitsgraden kann man die landschaftliche Sch\u00f6nheit dieser Region und die frische Bergluft genie\u00dfen und sich auf gesunde Weise bewegen. Von Wegen im Tal bis hinauf zu den h\u00f6chsten Gipfeln gibt es unz\u00e4hlige Varianten, ebenso wie Einkehrm\u00f6glichkeiten auf Almen und<\/p>\n","protected":false},"author":2,"featured_media":0,"parent":0,"menu_order":0,"comment_status":"closed","ping_status":"closed","template":"","meta":{"_seopress_robots_primary_cat":""},"_links":{"self":[{"href":"https:\/\/www.ilsorrisodeinonni.it\/de\/wp-json\/wp\/v2\/pages\/1815"}],"collection":[{"href":"https:\/\/www.ilsorrisodeinonni.it\/de\/wp-json\/wp\/v2\/pages"}],"about":[{"href":"https:\/\/www.ilsorrisodeinonni.it\/de\/wp-json\/wp\/v2\/types\/page"}],"author":[{"embeddable":true,"href":"https:\/\/www.ilsorrisodeinonni.it\/de\/wp-json\/wp\/v2\/users\/2"}],"replies":[{"embeddable":true,"href":"https:\/\/www.ilsorrisodeinonni.it\/de\/wp-json\/wp\/v2\/comments?post=1815"}],"version-history":[{"count":5,"href":"https:\/\/www.ilsorrisodeinonni.it\/de\/wp-json\/wp\/v2\/pages\/1815\/revisions"}],"predecessor-version":[{"id":1887,"href":"https:\/\/www.ilsorrisodeinonni.it\/de\/wp-json\/wp\/v2\/pages\/1815\/revisions\/1887"}],"wp:attachment":[{"href":"https:\/\/www.ilsorrisodeinonni.it\/de\/wp-json\/wp\/v2\/media?parent=1815"}],"curies":[{"name":"wp","href":"https:\/\/api.w.org\/{rel}","templated":true}]}}