{"id":1822,"date":"2018-07-02T09:19:29","date_gmt":"2018-07-02T07:19:29","guid":{"rendered":"https:\/\/www.ilsorrisodeinonni.it\/attivita-inverno\/"},"modified":"2019-04-09T09:56:27","modified_gmt":"2019-04-09T07:56:27","slug":"unternehmungen-im-winter","status":"publish","type":"page","link":"https:\/\/www.ilsorrisodeinonni.it\/de\/unternehmungen-im-winter\/","title":{"rendered":"Unternehmungen im Winter"},"content":{"rendered":"<p>[vc_row][vc_column][vc_single_image image=&#8220;1742&#8243; img_size=&#8220;full&#8220; alignment=&#8220;center&#8220;][\/vc_column][\/vc_row][vc_row gap=&#8220;20&#8243; css=&#8220;.vc_custom_1548146387874{margin-top: 50px !important;}&#8220;][vc_column width=&#8220;1\/2&#8243;][vc_column_text]<strong>SKITOUREN<\/strong><br \/>\nEine sportliche Unternehmung, bei der die anf\u00e4ngliche Anstrengung (der Aufstieg mit Skifellen) mit dem fantastischen Erlebnis der Abfahrt auf herrlichen H\u00e4ngen mit einer unber\u00fchrten, wei\u00dfen Schneedecke belohnt wird: zu den zahlreichen Orten, wo man diese Sportart im Val di Rabbi aus\u00fcben kann, ist der Monte Sole wohl der ber\u00fchmteste: hier findet im Februar sogar die Skibergsteiger-Veranstaltung Skialp statt.<br \/>\n<strong>EISLAUFEN<\/strong><br \/>\nIn Mal\u00e8 gibt es ein gro\u00dfes, einladendes Eisstadion, in dem man seine Runden auf Kufen drehen kann. Das Stadion verf\u00fcgt \u00fcber eine Kunsteisbahn von 60\u00d730 m, eine Trib\u00fcne mit ca. 400 Pl\u00e4tzen und zahlreichen Einrichtungen wie Bar, Umkleider\u00e4umen, Duschen, Schlittschuhverleih und -service. Es werden auch Kurse angeboten im Eisschnelllaufen, Eiskunstlaufen und Eishockey.<br \/>\n<strong>SCHNEESCHUHWANDERUNGEN<\/strong><br \/>\nDiese beliebte Wintersportart ist f\u00fcr alle zug\u00e4nglich und verlangt keine besondere Vorbereitung und technischen F\u00e4higkeiten: man braucht sich nur ein klassisches Hilfsmittel wie die Schneeschuhe (ital. ciaspole) anzuschnallen und schon kann man im Tiefschnee wandern gehen ohne einzusinken. Im Wald trifft man dabei \u00f6fters mal auf Tiere. Gef\u00fchrte Wanderungen mir unterschiedlichen Schwierigkeitsgraden werden im gesamten Val di Sole angeboten.<br \/>\n<strong>EISKLETTERN<\/strong><br \/>\nIm Val di Rabbi befindet sich einer der sch\u00f6nsten und spektakul\u00e4rsten Orte zum Ice Climbing: im Valle di Valorz gibt es eine ganze Reihe von Wasserf\u00e4llen f\u00fcr Routen unterschiedlicher Schwierigkeitsgrade.<br \/>\n<strong>SKILANGLAUF<\/strong><br \/>\nSkilangl\u00e4ufern stehen zahlreiche Loipen zur Verf\u00fcgung, um diesen Sport zu genie\u00dfen und zu trainieren. Das Val di Sole bietet pr\u00e4parierte Loipen auf 55 km, erg\u00e4nzt von Einrichtungen f\u00fcr den Wartungsservice (Wachsen usw.), Skiverleih, Umkleider\u00e4umen, sowie Lokalen f\u00fcr Rast und Einkehr, Skischulen und professionellen Lehrern. Langlaufzentren gibt es am Passo del Tonale, in Vermiglio, Cogolo, Ossana, Mezzana, Commezzadura, Rabbi.<br \/>\n<strong>SKI ALPIN<\/strong><br \/>\nIm Val di Sole d\u00fcrfen sich Skifahrer auf die herrlichen Pisten eines ganze 380 km umfassenden Skikarussells freuen, das die Gebiete Folgarida-Marilleva, Madonna di Campiglio, Passo del Tonale und Peio einschlie\u00dft.[\/vc_column_text][\/vc_column][vc_column width=&#8220;1\/2&#8243;][vc_column_text]<strong>SCHWIMMBAD<\/strong><br \/>\nDas \u00f6ffentliche Schwimmbad von Mal\u00e8 ist ein erst k\u00fcrzlich renoviertes Hallenbad mit:<\/p>\n<ul>\n<li>Schwimmbecken mit 6 Bahnen (25&#215;15 m, Tiefe 120-180 cm, Temperatur 28\u00b0C),<\/li>\n<li>Relax-Becken mit Wasserstrahlen f\u00fcr die Massage der Lenden- und Nackenwirbels\u00e4ule,<\/li>\n<li>sowie einem Kinderbecken (Tiefe 30 cm, Temperatur 30\u00b0C), in dem die Kleinsten in Sicherheit im Wasser planschen und spielen k\u00f6nnen. Dazu geh\u00f6rt ein gro\u00dfer Garten, wo man im Sommer einen Sonnenbereich nutzen kann. Ausgestattete Umkleidekabinen und Parkplatz vorhanden.<\/li>\n<\/ul>\n<p><strong>FAHRTEN MIT DEM PFERDESCHLITTEN<\/strong><br \/>\nSchnee ist sicherlich kein Hindernis, um das \u201eGl\u00fcck der Erde auf dem R\u00fccken der Pferde\u201c zu erleben oder eine Fahrt mit dem Pferdeschlitten zu machen! Das n\u00e4chste Reiterzentrum befindet sich in Pellizzano.<br \/>\n<strong>INDOOR CLIMBING<\/strong><br \/>\nEine erst k\u00fcrzlich angelegte Kletterhalle mit 15 m hohen und 20 m breiten Kletterw\u00e4nden, 10 Stationen und 17 Routen von Grad 5b bis 7c: der Pala Climb ist Teil der Sporthalle Palazzetto Sportivo in Mezzana, bei Marilleva 900, und verf\u00fcgt \u00fcber Umkleider\u00e4ume und Duschen.<br \/>\n<strong>HUNDESCHLITTEN<\/strong><br \/>\nEigentliche Protagonisten dieses Wintersportvergn\u00fcgens sind die besten (vierbeinigen) Freunde des Menschen: beim Hundeschlittenfahren oder Sleddog kann man sich von einer Meute Schlittenhunde durch die verschneite Winterlandschaft ziehen lassen: ein von Geschwindigkeit und Leichtigkeit gepr\u00e4gtes Erlebnis, das man beim Sleddog-Zentrum am Passo del Tonale geboten bekommt.<\/p>\n<p><strong>Wer sich f\u00fcr technisch aufwendigere Unternehmungen interessiert, sei es um etwas Neues auszuprobieren oder um Vorkenntnisse und F\u00e4higkeiten zu verbessern, oder einfach nur etwas mehr als sonst zu wagen, kann auf die enge Zusammenarbeit unserer Pension mit den Bergf\u00fchrern der Alpin- und Skitourenschule \u201eVal di Sole\u201c z\u00e4hlen.<\/strong><\/p>\n<p>[\/vc_column_text][\/vc_column][\/vc_row][vc_row][vc_column][vc_column_text]<\/p>\n\n\t\t<style type=\"text\/css\">\n\t\t\t#gallery-1 {\n\t\t\t\tmargin: auto;\n\t\t\t}\n\t\t\t#gallery-1 .gallery-item {\n\t\t\t\tfloat: left;\n\t\t\t\tmargin-top: 10px;\n\t\t\t\ttext-align: center;\n\t\t\t\twidth: 33%;\n\t\t\t}\n\t\t\t#gallery-1 img {\n\t\t\t\tborder: 2px solid #cfcfcf;\n\t\t\t}\n\t\t\t#gallery-1 .gallery-caption {\n\t\t\t\tmargin-left: 0;\n\t\t\t}\n\t\t\t\/* see gallery_shortcode() in wp-includes\/media.php *\/\n\t\t<\/style>\n\t\t<div id='gallery-1' class='gallery galleryid-1822 gallery-columns-3 gallery-size-thumbnail'><dl class='gallery-item'>\n\t\t\t<dt class='gallery-icon landscape'>\n\t\t\t\t<a href='https:\/\/www.ilsorrisodeinonni.it\/wp-content\/uploads\/2019\/01\/60005036_900x900.jpg'><img width=\"150\" height=\"150\" src=\"https:\/\/www.ilsorrisodeinonni.it\/wp-content\/uploads\/2019\/01\/60005036_900x900-150x150.jpg\" class=\"attachment-thumbnail size-thumbnail\" alt=\"\" decoding=\"async\" loading=\"lazy\" srcset=\"https:\/\/www.ilsorrisodeinonni.it\/wp-content\/uploads\/2019\/01\/60005036_900x900-150x150.jpg 150w, https:\/\/www.ilsorrisodeinonni.it\/wp-content\/uploads\/2019\/01\/60005036_900x900-225x225.jpg 225w, https:\/\/www.ilsorrisodeinonni.it\/wp-content\/uploads\/2019\/01\/60005036_900x900-100x100.jpg 100w, https:\/\/www.ilsorrisodeinonni.it\/wp-content\/uploads\/2019\/01\/60005036_900x900-300x300.jpg 300w, https:\/\/www.ilsorrisodeinonni.it\/wp-content\/uploads\/2019\/01\/60005036_900x900-768x768.jpg 768w, https:\/\/www.ilsorrisodeinonni.it\/wp-content\/uploads\/2019\/01\/60005036_900x900-268x268.jpg 268w, https:\/\/www.ilsorrisodeinonni.it\/wp-content\/uploads\/2019\/01\/60005036_900x900-75x75.jpg 75w, https:\/\/www.ilsorrisodeinonni.it\/wp-content\/uploads\/2019\/01\/60005036_900x900-80x80.jpg 80w, https:\/\/www.ilsorrisodeinonni.it\/wp-content\/uploads\/2019\/01\/60005036_900x900.jpg 900w\" sizes=\"(max-width: 150px) 100vw, 150px\" \/><\/a>\n\t\t\t<\/dt><\/dl><dl class='gallery-item'>\n\t\t\t<dt class='gallery-icon landscape'>\n\t\t\t\t<a href='https:\/\/www.ilsorrisodeinonni.it\/wp-content\/uploads\/2019\/01\/80124707_900x900.jpg'><img width=\"150\" height=\"150\" src=\"https:\/\/www.ilsorrisodeinonni.it\/wp-content\/uploads\/2019\/01\/80124707_900x900-150x150.jpg\" class=\"attachment-thumbnail size-thumbnail\" alt=\"\" decoding=\"async\" loading=\"lazy\" srcset=\"https:\/\/www.ilsorrisodeinonni.it\/wp-content\/uploads\/2019\/01\/80124707_900x900-150x150.jpg 150w, https:\/\/www.ilsorrisodeinonni.it\/wp-content\/uploads\/2019\/01\/80124707_900x900-225x225.jpg 225w, https:\/\/www.ilsorrisodeinonni.it\/wp-content\/uploads\/2019\/01\/80124707_900x900-100x100.jpg 100w, https:\/\/www.ilsorrisodeinonni.it\/wp-content\/uploads\/2019\/01\/80124707_900x900-300x300.jpg 300w, https:\/\/www.ilsorrisodeinonni.it\/wp-content\/uploads\/2019\/01\/80124707_900x900-768x768.jpg 768w, https:\/\/www.ilsorrisodeinonni.it\/wp-content\/uploads\/2019\/01\/80124707_900x900-268x268.jpg 268w, https:\/\/www.ilsorrisodeinonni.it\/wp-content\/uploads\/2019\/01\/80124707_900x900-75x75.jpg 75w, https:\/\/www.ilsorrisodeinonni.it\/wp-content\/uploads\/2019\/01\/80124707_900x900-80x80.jpg 80w, https:\/\/www.ilsorrisodeinonni.it\/wp-content\/uploads\/2019\/01\/80124707_900x900.jpg 900w\" sizes=\"(max-width: 150px) 100vw, 150px\" \/><\/a>\n\t\t\t<\/dt><\/dl><dl class='gallery-item'>\n\t\t\t<dt class='gallery-icon landscape'>\n\t\t\t\t<a href='https:\/\/www.ilsorrisodeinonni.it\/wp-content\/uploads\/2019\/01\/50220589_900x900.jpg'><img width=\"150\" height=\"150\" src=\"https:\/\/www.ilsorrisodeinonni.it\/wp-content\/uploads\/2019\/01\/50220589_900x900-150x150.jpg\" class=\"attachment-thumbnail size-thumbnail\" alt=\"\" decoding=\"async\" loading=\"lazy\" srcset=\"https:\/\/www.ilsorrisodeinonni.it\/wp-content\/uploads\/2019\/01\/50220589_900x900-150x150.jpg 150w, https:\/\/www.ilsorrisodeinonni.it\/wp-content\/uploads\/2019\/01\/50220589_900x900-225x225.jpg 225w, https:\/\/www.ilsorrisodeinonni.it\/wp-content\/uploads\/2019\/01\/50220589_900x900-100x100.jpg 100w, https:\/\/www.ilsorrisodeinonni.it\/wp-content\/uploads\/2019\/01\/50220589_900x900-300x300.jpg 300w, https:\/\/www.ilsorrisodeinonni.it\/wp-content\/uploads\/2019\/01\/50220589_900x900-768x768.jpg 768w, https:\/\/www.ilsorrisodeinonni.it\/wp-content\/uploads\/2019\/01\/50220589_900x900-268x268.jpg 268w, https:\/\/www.ilsorrisodeinonni.it\/wp-content\/uploads\/2019\/01\/50220589_900x900-75x75.jpg 75w, https:\/\/www.ilsorrisodeinonni.it\/wp-content\/uploads\/2019\/01\/50220589_900x900-80x80.jpg 80w, https:\/\/www.ilsorrisodeinonni.it\/wp-content\/uploads\/2019\/01\/50220589_900x900.jpg 900w\" sizes=\"(max-width: 150px) 100vw, 150px\" \/><\/a>\n\t\t\t<\/dt><\/dl><br style=\"clear: both\" \/><dl class='gallery-item'>\n\t\t\t<dt class='gallery-icon landscape'>\n\t\t\t\t<a href='https:\/\/www.ilsorrisodeinonni.it\/wp-content\/uploads\/2019\/01\/65725308_900x600.jpg'><img width=\"150\" height=\"100\" src=\"https:\/\/www.ilsorrisodeinonni.it\/wp-content\/uploads\/2019\/01\/65725308_900x600.jpg\" class=\"attachment-thumbnail size-thumbnail\" alt=\"\" decoding=\"async\" loading=\"lazy\" srcset=\"https:\/\/www.ilsorrisodeinonni.it\/wp-content\/uploads\/2019\/01\/65725308_900x600.jpg 900w, https:\/\/www.ilsorrisodeinonni.it\/wp-content\/uploads\/2019\/01\/65725308_900x600-225x150.jpg 225w\" sizes=\"(max-width: 150px) 100vw, 150px\" \/><\/a>\n\t\t\t<\/dt><\/dl><dl class='gallery-item'>\n\t\t\t<dt class='gallery-icon landscape'>\n\t\t\t\t<a href='https:\/\/www.ilsorrisodeinonni.it\/wp-content\/uploads\/2019\/01\/17416720_900x900.jpg'><img width=\"150\" height=\"150\" src=\"https:\/\/www.ilsorrisodeinonni.it\/wp-content\/uploads\/2019\/01\/17416720_900x900-150x150.jpg\" class=\"attachment-thumbnail size-thumbnail\" alt=\"\" decoding=\"async\" loading=\"lazy\" srcset=\"https:\/\/www.ilsorrisodeinonni.it\/wp-content\/uploads\/2019\/01\/17416720_900x900-150x150.jpg 150w, https:\/\/www.ilsorrisodeinonni.it\/wp-content\/uploads\/2019\/01\/17416720_900x900-225x225.jpg 225w, https:\/\/www.ilsorrisodeinonni.it\/wp-content\/uploads\/2019\/01\/17416720_900x900-100x100.jpg 100w, https:\/\/www.ilsorrisodeinonni.it\/wp-content\/uploads\/2019\/01\/17416720_900x900-300x300.jpg 300w, https:\/\/www.ilsorrisodeinonni.it\/wp-content\/uploads\/2019\/01\/17416720_900x900-768x768.jpg 768w, https:\/\/www.ilsorrisodeinonni.it\/wp-content\/uploads\/2019\/01\/17416720_900x900-268x268.jpg 268w, https:\/\/www.ilsorrisodeinonni.it\/wp-content\/uploads\/2019\/01\/17416720_900x900-75x75.jpg 75w, https:\/\/www.ilsorrisodeinonni.it\/wp-content\/uploads\/2019\/01\/17416720_900x900-80x80.jpg 80w, https:\/\/www.ilsorrisodeinonni.it\/wp-content\/uploads\/2019\/01\/17416720_900x900.jpg 900w\" sizes=\"(max-width: 150px) 100vw, 150px\" \/><\/a>\n\t\t\t<\/dt><\/dl><dl class='gallery-item'>\n\t\t\t<dt class='gallery-icon landscape'>\n\t\t\t\t<a href='https:\/\/www.ilsorrisodeinonni.it\/wp-content\/uploads\/2019\/01\/36936716_900x900.jpg'><img width=\"150\" height=\"150\" src=\"https:\/\/www.ilsorrisodeinonni.it\/wp-content\/uploads\/2019\/01\/36936716_900x900-150x150.jpg\" class=\"attachment-thumbnail size-thumbnail\" alt=\"\" decoding=\"async\" loading=\"lazy\" srcset=\"https:\/\/www.ilsorrisodeinonni.it\/wp-content\/uploads\/2019\/01\/36936716_900x900-150x150.jpg 150w, https:\/\/www.ilsorrisodeinonni.it\/wp-content\/uploads\/2019\/01\/36936716_900x900-225x225.jpg 225w, https:\/\/www.ilsorrisodeinonni.it\/wp-content\/uploads\/2019\/01\/36936716_900x900-100x100.jpg 100w, https:\/\/www.ilsorrisodeinonni.it\/wp-content\/uploads\/2019\/01\/36936716_900x900-300x300.jpg 300w, https:\/\/www.ilsorrisodeinonni.it\/wp-content\/uploads\/2019\/01\/36936716_900x900-768x768.jpg 768w, https:\/\/www.ilsorrisodeinonni.it\/wp-content\/uploads\/2019\/01\/36936716_900x900-268x268.jpg 268w, https:\/\/www.ilsorrisodeinonni.it\/wp-content\/uploads\/2019\/01\/36936716_900x900-75x75.jpg 75w, https:\/\/www.ilsorrisodeinonni.it\/wp-content\/uploads\/2019\/01\/36936716_900x900-80x80.jpg 80w, https:\/\/www.ilsorrisodeinonni.it\/wp-content\/uploads\/2019\/01\/36936716_900x900.jpg 900w\" sizes=\"(max-width: 150px) 100vw, 150px\" \/><\/a>\n\t\t\t<\/dt><\/dl><br style=\"clear: both\" \/><dl class='gallery-item'>\n\t\t\t<dt class='gallery-icon portrait'>\n\t\t\t\t<a href='https:\/\/www.ilsorrisodeinonni.it\/wp-content\/uploads\/2019\/01\/54849123_600x900.jpg'><img width=\"150\" height=\"150\" src=\"https:\/\/www.ilsorrisodeinonni.it\/wp-content\/uploads\/2019\/01\/54849123_600x900-150x150.jpg\" class=\"attachment-thumbnail size-thumbnail\" alt=\"\" decoding=\"async\" loading=\"lazy\" srcset=\"https:\/\/www.ilsorrisodeinonni.it\/wp-content\/uploads\/2019\/01\/54849123_600x900-150x150.jpg 150w, https:\/\/www.ilsorrisodeinonni.it\/wp-content\/uploads\/2019\/01\/54849123_600x900-100x100.jpg 100w, https:\/\/www.ilsorrisodeinonni.it\/wp-content\/uploads\/2019\/01\/54849123_600x900-268x268.jpg 268w, https:\/\/www.ilsorrisodeinonni.it\/wp-content\/uploads\/2019\/01\/54849123_600x900-75x75.jpg 75w, https:\/\/www.ilsorrisodeinonni.it\/wp-content\/uploads\/2019\/01\/54849123_600x900-80x80.jpg 80w, https:\/\/www.ilsorrisodeinonni.it\/wp-content\/uploads\/2019\/01\/54849123_600x900-600x600.jpg 600w\" sizes=\"(max-width: 150px) 100vw, 150px\" \/><\/a>\n\t\t\t<\/dt><\/dl><dl class='gallery-item'>\n\t\t\t<dt class='gallery-icon portrait'>\n\t\t\t\t<a href='https:\/\/www.ilsorrisodeinonni.it\/wp-content\/uploads\/2019\/01\/21002009_600x900.jpg'><img width=\"150\" height=\"150\" src=\"https:\/\/www.ilsorrisodeinonni.it\/wp-content\/uploads\/2019\/01\/21002009_600x900-150x150.jpg\" class=\"attachment-thumbnail size-thumbnail\" alt=\"\" decoding=\"async\" loading=\"lazy\" srcset=\"https:\/\/www.ilsorrisodeinonni.it\/wp-content\/uploads\/2019\/01\/21002009_600x900-150x150.jpg 150w, https:\/\/www.ilsorrisodeinonni.it\/wp-content\/uploads\/2019\/01\/21002009_600x900-100x100.jpg 100w, https:\/\/www.ilsorrisodeinonni.it\/wp-content\/uploads\/2019\/01\/21002009_600x900-268x268.jpg 268w, https:\/\/www.ilsorrisodeinonni.it\/wp-content\/uploads\/2019\/01\/21002009_600x900-75x75.jpg 75w, https:\/\/www.ilsorrisodeinonni.it\/wp-content\/uploads\/2019\/01\/21002009_600x900-80x80.jpg 80w, https:\/\/www.ilsorrisodeinonni.it\/wp-content\/uploads\/2019\/01\/21002009_600x900-600x600.jpg 600w\" sizes=\"(max-width: 150px) 100vw, 150px\" \/><\/a>\n\t\t\t<\/dt><\/dl><dl class='gallery-item'>\n\t\t\t<dt class='gallery-icon landscape'>\n\t\t\t\t<a href='https:\/\/www.ilsorrisodeinonni.it\/wp-content\/uploads\/2019\/01\/92763998_900x600.jpg'><img width=\"150\" height=\"150\" src=\"https:\/\/www.ilsorrisodeinonni.it\/wp-content\/uploads\/2019\/01\/92763998_900x600-150x150.jpg\" class=\"attachment-thumbnail size-thumbnail\" alt=\"\" decoding=\"async\" loading=\"lazy\" srcset=\"https:\/\/www.ilsorrisodeinonni.it\/wp-content\/uploads\/2019\/01\/92763998_900x600-150x150.jpg 150w, https:\/\/www.ilsorrisodeinonni.it\/wp-content\/uploads\/2019\/01\/92763998_900x600-100x100.jpg 100w, https:\/\/www.ilsorrisodeinonni.it\/wp-content\/uploads\/2019\/01\/92763998_900x600-268x268.jpg 268w, https:\/\/www.ilsorrisodeinonni.it\/wp-content\/uploads\/2019\/01\/92763998_900x600-75x75.jpg 75w, https:\/\/www.ilsorrisodeinonni.it\/wp-content\/uploads\/2019\/01\/92763998_900x600-80x80.jpg 80w\" sizes=\"(max-width: 150px) 100vw, 150px\" \/><\/a>\n\t\t\t<\/dt><\/dl><br style=\"clear: both\" \/><dl class='gallery-item'>\n\t\t\t<dt class='gallery-icon portrait'>\n\t\t\t\t<a href='https:\/\/www.ilsorrisodeinonni.it\/wp-content\/uploads\/2019\/01\/13460054_600x900.jpg'><img width=\"150\" height=\"150\" src=\"https:\/\/www.ilsorrisodeinonni.it\/wp-content\/uploads\/2019\/01\/13460054_600x900-150x150.jpg\" class=\"attachment-thumbnail size-thumbnail\" alt=\"\" decoding=\"async\" loading=\"lazy\" srcset=\"https:\/\/www.ilsorrisodeinonni.it\/wp-content\/uploads\/2019\/01\/13460054_600x900-150x150.jpg 150w, https:\/\/www.ilsorrisodeinonni.it\/wp-content\/uploads\/2019\/01\/13460054_600x900-100x100.jpg 100w, https:\/\/www.ilsorrisodeinonni.it\/wp-content\/uploads\/2019\/01\/13460054_600x900-268x268.jpg 268w, https:\/\/www.ilsorrisodeinonni.it\/wp-content\/uploads\/2019\/01\/13460054_600x900-75x75.jpg 75w, https:\/\/www.ilsorrisodeinonni.it\/wp-content\/uploads\/2019\/01\/13460054_600x900-80x80.jpg 80w, https:\/\/www.ilsorrisodeinonni.it\/wp-content\/uploads\/2019\/01\/13460054_600x900-600x600.jpg 600w\" sizes=\"(max-width: 150px) 100vw, 150px\" \/><\/a>\n\t\t\t<\/dt><\/dl><dl class='gallery-item'>\n\t\t\t<dt class='gallery-icon landscape'>\n\t\t\t\t<a href='https:\/\/www.ilsorrisodeinonni.it\/wp-content\/uploads\/2019\/01\/13459877_900x600.jpg'><img width=\"150\" height=\"150\" src=\"https:\/\/www.ilsorrisodeinonni.it\/wp-content\/uploads\/2019\/01\/13459877_900x600-150x150.jpg\" class=\"attachment-thumbnail size-thumbnail\" alt=\"\" decoding=\"async\" loading=\"lazy\" srcset=\"https:\/\/www.ilsorrisodeinonni.it\/wp-content\/uploads\/2019\/01\/13459877_900x600-150x150.jpg 150w, https:\/\/www.ilsorrisodeinonni.it\/wp-content\/uploads\/2019\/01\/13459877_900x600-100x100.jpg 100w, https:\/\/www.ilsorrisodeinonni.it\/wp-content\/uploads\/2019\/01\/13459877_900x600-268x268.jpg 268w, https:\/\/www.ilsorrisodeinonni.it\/wp-content\/uploads\/2019\/01\/13459877_900x600-75x75.jpg 75w, https:\/\/www.ilsorrisodeinonni.it\/wp-content\/uploads\/2019\/01\/13459877_900x600-80x80.jpg 80w\" sizes=\"(max-width: 150px) 100vw, 150px\" \/><\/a>\n\t\t\t<\/dt><\/dl><dl class='gallery-item'>\n\t\t\t<dt class='gallery-icon landscape'>\n\t\t\t\t<a href='https:\/\/www.ilsorrisodeinonni.it\/wp-content\/uploads\/2019\/01\/39633330_900x600.jpg'><img width=\"150\" height=\"150\" src=\"https:\/\/www.ilsorrisodeinonni.it\/wp-content\/uploads\/2019\/01\/39633330_900x600-150x150.jpg\" class=\"attachment-thumbnail size-thumbnail\" alt=\"\" decoding=\"async\" loading=\"lazy\" srcset=\"https:\/\/www.ilsorrisodeinonni.it\/wp-content\/uploads\/2019\/01\/39633330_900x600-150x150.jpg 150w, https:\/\/www.ilsorrisodeinonni.it\/wp-content\/uploads\/2019\/01\/39633330_900x600-100x100.jpg 100w, https:\/\/www.ilsorrisodeinonni.it\/wp-content\/uploads\/2019\/01\/39633330_900x600-268x268.jpg 268w, https:\/\/www.ilsorrisodeinonni.it\/wp-content\/uploads\/2019\/01\/39633330_900x600-75x75.jpg 75w, https:\/\/www.ilsorrisodeinonni.it\/wp-content\/uploads\/2019\/01\/39633330_900x600-80x80.jpg 80w\" sizes=\"(max-width: 150px) 100vw, 150px\" \/><\/a>\n\t\t\t<\/dt><\/dl><br style=\"clear: both\" \/>\n\t\t<\/div>\n\n<p>[\/vc_column_text][\/vc_column][\/vc_row]<\/p>\n","protected":false},"excerpt":{"rendered":"<p>[vc_row][vc_column][vc_single_image image=&#8220;1742&#8243; img_size=&#8220;full&#8220; alignment=&#8220;center&#8220;][\/vc_column][\/vc_row][vc_row gap=&#8220;20&#8243; css=&#8220;.vc_custom_1548146387874{margin-top: 50px !important;}&#8220;][vc_column width=&#8220;1\/2&#8243;][vc_column_text]SKITOUREN Eine sportliche Unternehmung, bei der die anf\u00e4ngliche Anstrengung (der Aufstieg mit Skifellen) mit dem fantastischen Erlebnis der Abfahrt auf herrlichen H\u00e4ngen mit einer unber\u00fchrten, wei\u00dfen Schneedecke belohnt wird: zu den zahlreichen Orten, wo man diese Sportart im Val di Rabbi aus\u00fcben kann, ist der Monte Sole<\/p>\n","protected":false},"author":2,"featured_media":0,"parent":0,"menu_order":0,"comment_status":"closed","ping_status":"closed","template":"","meta":{"_seopress_robots_primary_cat":""},"_links":{"self":[{"href":"https:\/\/www.ilsorrisodeinonni.it\/de\/wp-json\/wp\/v2\/pages\/1822"}],"collection":[{"href":"https:\/\/www.ilsorrisodeinonni.it\/de\/wp-json\/wp\/v2\/pages"}],"about":[{"href":"https:\/\/www.ilsorrisodeinonni.it\/de\/wp-json\/wp\/v2\/types\/page"}],"author":[{"embeddable":true,"href":"https:\/\/www.ilsorrisodeinonni.it\/de\/wp-json\/wp\/v2\/users\/2"}],"replies":[{"embeddable":true,"href":"https:\/\/www.ilsorrisodeinonni.it\/de\/wp-json\/wp\/v2\/comments?post=1822"}],"version-history":[{"count":5,"href":"https:\/\/www.ilsorrisodeinonni.it\/de\/wp-json\/wp\/v2\/pages\/1822\/revisions"}],"predecessor-version":[{"id":1886,"href":"https:\/\/www.ilsorrisodeinonni.it\/de\/wp-json\/wp\/v2\/pages\/1822\/revisions\/1886"}],"wp:attachment":[{"href":"https:\/\/www.ilsorrisodeinonni.it\/de\/wp-json\/wp\/v2\/media?parent=1822"}],"curies":[{"name":"wp","href":"https:\/\/api.w.org\/{rel}","templated":true}]}}