{"id":1962,"date":"2019-03-12T16:30:08","date_gmt":"2019-03-12T15:30:08","guid":{"rendered":"https:\/\/www.ilsorrisodeinonni.it\/info\/"},"modified":"2019-04-09T10:33:59","modified_gmt":"2019-04-09T08:33:59","slug":"info","status":"publish","type":"page","link":"https:\/\/www.ilsorrisodeinonni.it\/de\/info\/","title":{"rendered":"info"},"content":{"rendered":"<p>[vc_row css=&#8220;.vc_custom_1552474959382{margin-right: 10px !important;margin-left: 10px !important;}&#8220;][vc_column][vc_column_text css=&#8220;.vc_custom_1552405192974{margin-top: 50px !important;margin-bottom: 50px !important;}&#8220;]<\/p>\n<h2 style=\"text-align: center;\">Kontaktieren Sie uns<\/h2>\n<p>[\/vc_column_text][vc_column_text css=&#8220;.vc_custom_1552405165608{margin-top: 50px !important;margin-bottom: 50px !important;}&#8220;]<\/p>\n<p style=\"text-align: center;\">Um weitere Informationen anzufordern oder die Verf\u00fcgbarkeit von Zimmern oder Appartements zu \u00fcberpr\u00fcfen, f\u00fcllen Sie bitte das untenstehende Formular aus, danke.<\/p>\n<p>[\/vc_column_text][\/vc_column][\/vc_row][vc_row css=&#8220;.vc_custom_1552474968143{margin-right: 10px !important;margin-left: 10px !important;}&#8220;][vc_column width=&#8220;1\/6&#8243;][\/vc_column][vc_column width=&#8220;2\/3&#8243;][vc_column_text]<\/p>\n<div class=\"caldera-grid\" id=\"caldera_form_1\" data-cf-ver=\"1.8.7\" data-cf-form-id=\"CF5c877fd683862\"><div id=\"caldera_notices_1\" data-spinner=\"https:\/\/www.ilsorrisodeinonni.it\/wp-admin\/images\/spinner.gif\"><\/div><form data-instance=\"1\" class=\"CF5c877fd683862 caldera_forms_form cfajax-trigger\" method=\"POST\" enctype=\"multipart\/form-data\" id=\"CF5c877fd683862_1\" data-form-id=\"CF5c877fd683862\" aria-label=\"info-de\" data-target=\"#caldera_notices_1\" data-template=\"#cfajax_CF5c877fd683862-tmpl\" data-cfajax=\"CF5c877fd683862\" data-load-element=\"_parent\" data-load-class=\"cf_processing\" data-post-disable=\"0\" data-action=\"cf_process_ajax_submit\" data-request=\"https:\/\/www.ilsorrisodeinonni.it\/de\/\/cf-api\/CF5c877fd683862\" data-hiderows=\"true\">\r\n<input type=\"hidden\" id=\"_cf_verify_CF5c877fd683862\" name=\"_cf_verify\" value=\"68551dd6ab\"  data-nonce-time=\"1776378642\" \/><input type=\"hidden\" name=\"_wp_http_referer\" value=\"\/de\/wp-json\/wp\/v2\/pages\/1962\" \/><div id=\"cf2-CF5c877fd683862_1\"><\/div><input type=\"hidden\" name=\"_cf_frm_id\" value=\"CF5c877fd683862\">\r\n<input type=\"hidden\" name=\"_cf_frm_ct\" value=\"1\">\r\n<input type=\"hidden\" name=\"cfajax\" value=\"CF5c877fd683862\">\r\n<input type=\"hidden\" name=\"_cf_cr_pst\" value=\"1962\">\r\n<div class=\"hide\" style=\"display:none; overflow:hidden;height:0;width:0;\">\r\n<label>Url<\/label><input type=\"text\" name=\"url\" value=\"\" autocomplete=\"off\">\r\n<\/div><div id=\"CF5c877fd683862_1-row-1\"  class=\"row  first_row\"><div  class=\"col-sm-12  single\"><div data-field-wrapper=\"fld_8768091\" class=\"form-group\" id=\"fld_8768091_1-wrap\">\r\n\t<label id=\"fld_8768091Label\" for=\"fld_8768091_1\" class=\"control-label\">Vorname und Nachname <span aria-hidden=\"true\" role=\"presentation\" class=\"field_required\" style=\"color:#ee0000;\">*<\/span><\/label>\r\n\t<div class=\"\">\r\n\t\t<input   required type=\"text\" data-field=\"fld_8768091\" class=\" form-control\" id=\"fld_8768091_1\" name=\"fld_8768091\" value=\"\" data-type=\"text\" aria-required=\"true\"   aria-labelledby=\"fld_8768091Label\" >\t\t\t<\/div>\r\n<\/div>\r\n<\/div><\/div><div id=\"CF5c877fd683862_1-row-2\"  class=\"row \"><div  class=\"col-sm-6  first_col\"><div data-field-wrapper=\"fld_9970286\" class=\"form-group\" id=\"fld_9970286_1-wrap\">\r\n\t<label id=\"fld_9970286Label\" for=\"fld_9970286_1\" class=\"control-label\">E-mail <span aria-hidden=\"true\" role=\"presentation\" class=\"field_required\" style=\"color:#ee0000;\">*<\/span><\/label>\r\n\t<div class=\"\">\r\n\t\t<input   required type=\"email\" data-field=\"fld_9970286\" class=\" form-control\" id=\"fld_9970286_1\" name=\"fld_9970286\" value=\"\" data-type=\"email\" aria-required=\"true\"   aria-labelledby=\"fld_9970286Label\" >\t\t\t<\/div>\r\n<\/div>\r\n<\/div><div  class=\"col-sm-6  last_col\"><div data-field-wrapper=\"fld_592123\" class=\"form-group\" id=\"fld_592123_1-wrap\">\r\n\t<label id=\"fld_592123Label\" for=\"fld_592123_1\" class=\"control-label\">Telefon<\/label>\r\n\t<div class=\"\">\r\n\t\t<input placeholder=\"999 99999999\" data-inputmask=\"'mask': '(999)999-9999'\"   type=\"phone\" data-field=\"fld_592123\" class=\" form-control\" id=\"fld_592123_1\" name=\"fld_592123\" value=\"\" data-type=\"phone\"   aria-labelledby=\"fld_592123Label\" >\t\t\t<\/div>\r\n<\/div>\r\n<\/div><\/div><div id=\"CF5c877fd683862_1-row-3\"  class=\"row \"><div  class=\"col-sm-12  single\"><div data-field-wrapper=\"fld_7683514\" class=\"form-group\" id=\"fld_7683514_1-wrap\">\r\n\t<label id=\"fld_7683514Label\" for=\"fld_7683514_1\" class=\"control-label\">Nachricht oder \u00dcbermittlung <span aria-hidden=\"true\" role=\"presentation\" class=\"field_required\" style=\"color:#ee0000;\">*<\/span><\/label>\r\n\t<div class=\"\">\r\n\t\t<textarea name=\"fld_7683514\" value=\"\" data-field=\"fld_7683514\" class=\"form-control\" id=\"fld_7683514_1\" rows=\"3\"  required=\"required\"  aria-labelledby=\"fld_7683514Label\" ><\/textarea>\r\n\t\t\t<\/div>\r\n<\/div>\r\n<div class=\"\"><p>Hiermit gebe ich meine Einwilligung, dass das B&B Il Sorriso dei Nonni die von mir durch dieses Formular \u00fcbermittelten Angaben verwendet, um meiner Anfrage nachzukommen.<\/p>\n<\/div><\/div><\/div><div id=\"CF5c877fd683862_1-row-4\"  class=\"row  last_row\"><div  class=\"col-sm-6  first_col\"><div data-field-wrapper=\"fld_5330557\" class=\"form-group\" id=\"fld_5330557_1-wrap\">\r\n<label id=\"fld_5330557Label\" for=\"fld_5330557_1\" class=\"control-label screen-reader-text sr-only\">Accetto le condizioni sulla privacy<\/label>\r\n<div class=\"\">\r\n\t\t\t\t<label class=\"radio-inline\" data-label=\"Ja\" for=\"fld_5330557_1_opt1560393\"><input type=\"radio\" id=\"fld_5330557_1_opt1560393\" data-field=\"fld_5330557\" class=\"fld_5330557_1 option-required\" name=\"fld_5330557\" value=\"si\"   required=\"required\" data-radio-field=\"fld_5330557_1\" data-type=\"radio\" data-calc-value=\"0\" \/>\r\n\t\t\tJa\t\t<\/label>\r\n\t\t\t\t\t\t\t\t<label class=\"radio-inline\" data-label=\"Nein\" for=\"fld_5330557_1_opt1861088\"><input type=\"radio\" id=\"fld_5330557_1_opt1861088\" data-field=\"fld_5330557\" class=\"fld_5330557_1 option-required\" name=\"fld_5330557\" value=\"no\"   required=\"required\" data-radio-field=\"fld_5330557_1\" data-type=\"radio\" data-calc-value=\"0\" \/>\r\n\t\t\tNein\t\t<\/label>\r\n\t\t\t\t<\/div>\r\n<\/div>\r\n<\/div><div  class=\"col-sm-6  last_col\"><span class=\"caldera-forms-conditional-field\" role=\"region\" aria-live=\"polite\" id=\"conditional_fld_7908577_1\" data-field-id=\"fld_7908577_1\"><\/span><\/div><\/div><\/form>\r\n<\/div>\r\n<script type=\"text\/javascript\">\r\nif( typeof caldera_conditionals === \"undefined\" ){ var caldera_conditionals = {}; }caldera_conditionals.CF5c877fd683862_1 = {\"fld_7908577_1\":{\"type\":\"show\",\"group\":{\"rw6368743522268823\":{\"cl8628633550612886\":{\"parent\":\"rw6368743522268823\",\"field\":\"fld_5330557\",\"compare\":\"is\",\"value\":\"si\",\"label\":\"Ja\"}}}}};\r\n<\/script>\r\n<script type=\"text\/html\" id=\"conditional-fld_7908577_1-tmpl\">\r\n<div data-field-wrapper=\"fld_7908577\" class=\"form-group\" id=\"fld_7908577_1-wrap\">\r\n<div class=\"\">\r\n\t<input  class=\"btn btn-default\" type=\"submit\" name=\"fld_7908577\" id=\"fld_7908577_1\" value=\"Senden\" data-field=\"fld_7908577\"  >\r\n<\/div>\r\n<\/div>\r\n\t<input class=\"button_trigger_1\" type=\"hidden\" name=\"fld_7908577\" id=\"fld_7908577_1_btn\" value=\"\" data-field=\"fld_7908577\"  \/>\r\n<\/script>\r\n\n<p>[\/vc_column_text][\/vc_column][vc_column width=&#8220;1\/6&#8243;][\/vc_column][\/vc_row]<\/p>\n","protected":false},"excerpt":{"rendered":"<p>[vc_row css=&#8220;.vc_custom_1552474959382{margin-right: 10px !important;margin-left: 10px !important;}&#8220;][vc_column][vc_column_text css=&#8220;.vc_custom_1552405192974{margin-top: 50px !important;margin-bottom: 50px !important;}&#8220;] Kontaktieren Sie uns [\/vc_column_text][vc_column_text css=&#8220;.vc_custom_1552405165608{margin-top: 50px !important;margin-bottom: 50px !important;}&#8220;] Um weitere Informationen anzufordern oder die Verf\u00fcgbarkeit von Zimmern oder Appartements zu \u00fcberpr\u00fcfen, f\u00fcllen Sie bitte das untenstehende Formular aus, danke. [\/vc_column_text][\/vc_column][\/vc_row][vc_row css=&#8220;.vc_custom_1552474968143{margin-right: 10px !important;margin-left: 10px !important;}&#8220;][vc_column width=&#8220;1\/6&#8243;][\/vc_column][vc_column width=&#8220;2\/3&#8243;][vc_column_text] [\/vc_column_text][\/vc_column][vc_column width=&#8220;1\/6&#8243;][\/vc_column][\/vc_row]<\/p>\n","protected":false},"author":2,"featured_media":0,"parent":0,"menu_order":0,"comment_status":"closed","ping_status":"closed","template":"","meta":{"_seopress_robots_primary_cat":""},"_links":{"self":[{"href":"https:\/\/www.ilsorrisodeinonni.it\/de\/wp-json\/wp\/v2\/pages\/1962"}],"collection":[{"href":"https:\/\/www.ilsorrisodeinonni.it\/de\/wp-json\/wp\/v2\/pages"}],"about":[{"href":"https:\/\/www.ilsorrisodeinonni.it\/de\/wp-json\/wp\/v2\/types\/page"}],"author":[{"embeddable":true,"href":"https:\/\/www.ilsorrisodeinonni.it\/de\/wp-json\/wp\/v2\/users\/2"}],"replies":[{"embeddable":true,"href":"https:\/\/www.ilsorrisodeinonni.it\/de\/wp-json\/wp\/v2\/comments?post=1962"}],"version-history":[{"count":7,"href":"https:\/\/www.ilsorrisodeinonni.it\/de\/wp-json\/wp\/v2\/pages\/1962\/revisions"}],"predecessor-version":[{"id":2011,"href":"https:\/\/www.ilsorrisodeinonni.it\/de\/wp-json\/wp\/v2\/pages\/1962\/revisions\/2011"}],"wp:attachment":[{"href":"https:\/\/www.ilsorrisodeinonni.it\/de\/wp-json\/wp\/v2\/media?parent=1962"}],"curies":[{"name":"wp","href":"https:\/\/api.w.org\/{rel}","templated":true}]}}