{"id":2193,"date":"2019-10-09T12:47:17","date_gmt":"2019-10-09T10:47:17","guid":{"rendered":"https:\/\/www.ilsorrisodeinonni.it\/gli-amici-a-4-zampe\/"},"modified":"2019-10-14T09:23:51","modified_gmt":"2019-10-14T07:23:51","slug":"gastfreundschaft-von-4-beinigen-freunden","status":"publish","type":"page","link":"https:\/\/www.ilsorrisodeinonni.it\/de\/gastfreundschaft-von-4-beinigen-freunden\/","title":{"rendered":"Gastfreundschaft von 4-beinigen Freunden"},"content":{"rendered":"<p>[vc_row full_width=&#8220;stretch_row_content&#8220; css=&#8220;.vc_custom_1570619313102{margin-top: 50px !important;}&#8220;][vc_column width=&#8220;1\/2&#8243;][vc_single_image image=&#8220;2216&#8243; img_size=&#8220;full&#8220; alignment=&#8220;center&#8220;][\/vc_column][vc_column width=&#8220;1\/2&#8243;][vc_column_text css=&#8220;.vc_custom_1571037571731{margin-top: 50px !important;margin-bottom: 50px !important;}&#8220;]<\/p>\n<h2 style=\"text-align: center;\">Gastfreundschaft von 4-beinigen Freunden<\/h2>\n<p>[\/vc_column_text][vc_column_text css=&#8220;.vc_custom_1571037822708{margin-top: 50px !important;margin-right: 50px !important;margin-bottom: 50px !important;margin-left: 50px !important;}&#8220;]Wir freuen uns, alle G\u00e4ste zu begr\u00fc\u00dfen, die eine entspannte Zeit mit ihren vierbeinigen Freunden (Hunden, Katzen usw.) verbringen m\u00f6chten. F\u00fcr den Respekt der anderen G\u00e4ste und die Einhaltung der allgemeinen Hygienevorschriften m\u00fcssen die Eigent\u00fcmer jedoch Garanten sein der Einhaltung der folgenden:<\/p>\n<ul>\n<li>Zum Zeitpunkt der Buchung muss die Anwesenheit des vierbeinigen Gastes gemeldet werden.<\/li>\n<li>Die Struktur beh\u00e4lt sich &#8211; nach eigenem Ermessen &#8211; vor, das Haustier (Hund, Katze usw.) auch aufgrund der Anwesenheit bereits in der Struktur anderer G\u00e4ste mit Tieren aufzunehmen;<\/li>\n<li>Der Eigent\u00fcmer muss f\u00fcr das Wohl seines vierbeinigen Freundes ausreichend ausger\u00fcstet sein.<\/li>\n<li>Der Eigent\u00fcmer muss darauf achten, dass sein Tier die anderen G\u00e4ste nicht st\u00f6rt und die Struktur nicht besch\u00e4digt.<\/li>\n<li>der vierbeinige Freund kann aus offensichtlichen hygienischen Gr\u00fcnden weder in die K\u00fcche noch in den Fr\u00fchst\u00fccksraum eintreten;<br \/>\nWir bitten Sie, Ihren vierbeinigen Stuhl nicht auf dem Bett zu haben oder das Bett- und Badetuch f\u00fcr den vierbeinigen Gast (Pflege, Schlafen oder anderes) zu verwenden.<\/li>\n<li>Bitte lassen Sie vierbeinige G\u00e4ste w\u00e4hrend Ihres Aufenthalts (Tag und Nacht) nicht allein in den Zimmern.<\/li>\n<li>Wir bitten Sie, Ihren Garten und die Blumen nicht dazu zu bringen, ihr Ding zu tun.<\/li>\n<li>Alle Kosten f\u00fcr Sch\u00e4den, die durch den vierbeinigen Gast verursacht werden, gehen zu Lasten des Kunden.<\/li>\n<\/ul>\n<p>Wir glauben, dass dies einfache Grunds\u00e4tze guter Erziehung sind, die die Liebe, die f\u00fcr ein Tier gepflegt werden kann, in keiner Weise mindern, da diese Grundregeln leider nicht immer eingehalten werden und ihre Umsetzung in einen Dekalog notwendig geworden ist.Zus\u00e4tzliche Kosten f\u00fcr die Endreinigung (einmalig): Euro 10,00 f\u00fcr jedes Tier in der Anlage. Der Zuschlag ist erforderlich, um die Kosten f\u00fcr eine zus\u00e4tzliche Reinigung der Zimmer zu decken.[\/vc_column_text][\/vc_column][\/vc_row][vc_row][vc_column][vc_column_text]<\/p>\n<p>[\/vc_column_text][\/vc_column][\/vc_row]<\/p>\n","protected":false},"excerpt":{"rendered":"<p>[vc_row full_width=&#8220;stretch_row_content&#8220; css=&#8220;.vc_custom_1570619313102{margin-top: 50px !important;}&#8220;][vc_column width=&#8220;1\/2&#8243;][vc_single_image image=&#8220;2216&#8243; img_size=&#8220;full&#8220; alignment=&#8220;center&#8220;][\/vc_column][vc_column width=&#8220;1\/2&#8243;][vc_column_text css=&#8220;.vc_custom_1571037571731{margin-top: 50px !important;margin-bottom: 50px !important;}&#8220;] Gastfreundschaft von 4-beinigen Freunden [\/vc_column_text][vc_column_text css=&#8220;.vc_custom_1571037822708{margin-top: 50px !important;margin-right: 50px !important;margin-bottom: 50px !important;margin-left: 50px !important;}&#8220;]Wir freuen uns, alle G\u00e4ste zu begr\u00fc\u00dfen, die eine entspannte Zeit mit ihren vierbeinigen Freunden (Hunden, Katzen usw.) verbringen m\u00f6chten. F\u00fcr den Respekt der anderen G\u00e4ste und<\/p>\n","protected":false},"author":2,"featured_media":0,"parent":0,"menu_order":0,"comment_status":"closed","ping_status":"closed","template":"","meta":{"_seopress_robots_primary_cat":""},"_links":{"self":[{"href":"https:\/\/www.ilsorrisodeinonni.it\/de\/wp-json\/wp\/v2\/pages\/2193"}],"collection":[{"href":"https:\/\/www.ilsorrisodeinonni.it\/de\/wp-json\/wp\/v2\/pages"}],"about":[{"href":"https:\/\/www.ilsorrisodeinonni.it\/de\/wp-json\/wp\/v2\/types\/page"}],"author":[{"embeddable":true,"href":"https:\/\/www.ilsorrisodeinonni.it\/de\/wp-json\/wp\/v2\/users\/2"}],"replies":[{"embeddable":true,"href":"https:\/\/www.ilsorrisodeinonni.it\/de\/wp-json\/wp\/v2\/comments?post=2193"}],"version-history":[{"count":25,"href":"https:\/\/www.ilsorrisodeinonni.it\/de\/wp-json\/wp\/v2\/pages\/2193\/revisions"}],"predecessor-version":[{"id":2261,"href":"https:\/\/www.ilsorrisodeinonni.it\/de\/wp-json\/wp\/v2\/pages\/2193\/revisions\/2261"}],"wp:attachment":[{"href":"https:\/\/www.ilsorrisodeinonni.it\/de\/wp-json\/wp\/v2\/media?parent=2193"}],"curies":[{"name":"wp","href":"https:\/\/api.w.org\/{rel}","templated":true}]}}